{"id":1208,"date":"2022-04-11T02:55:42","date_gmt":"2022-04-11T02:55:42","guid":{"rendered":"https:\/\/ketogallery.com\/product\/aceite-de-oliva-virgen-extra-organico-amazonfresh-500-ml-16-9-fl-oz"},"modified":"2022-04-22T22:23:41","modified_gmt":"2022-04-22T22:23:41","slug":"amazonfresh-organic-extra-virgin-olive-oil-500-ml-16-9-fl-oz","status":"publish","type":"product","link":"https:\/\/ketogallery.com\/es\/producto\/amazonfresh-organic-extra-virgin-olive-oil-500-ml-16-9-fl-oz","title":{"rendered":"Aceite de oliva virgen extra org\u00e1nico AmazonFresh, 500 ml (16.9 FL OZ)"},"content":{"rendered":"<ul class=\"a-unordered-list a-vertical a-spacing-mini\">\n<li><span class=\"a-list-item\">Una botella de pl\u00e1stico de 500 ml de Aceite de Oliva Virgen Extra Ecol\u00f3gico<\/span><\/li>\n<li><span class=\"a-list-item\">Mezcla mediterr\u00e1nea importada de Espa\u00f1a<\/span><\/li>\n<li><span class=\"a-list-item\">Ideal para asar, asar a la parrilla, aderezos para ensaladas y adobos.<\/span><\/li>\n<li><span class=\"a-list-item\">Certificado org\u00e1nico USDA.<\/span><\/li>\n<li><span class=\"a-list-item\">Certificado OU Kosher<\/span><\/li>\n<li><span class=\"a-list-item\">Si te gusta el Aceite de Oliva Virgen Extra Ajo Asado Colavita, te invitamos a probar el Aceite de Oliva Virgen Extra Ecol\u00f3gico AmazonFresh<\/span><\/li>\n<li><span class=\"a-list-item\">Garant\u00eda de satisfacci\u00f3n: Estamos orgullosos de nuestros productos. Si no est\u00e1 satisfecho, le reembolsaremos por cualquier motivo dentro de un a\u00f1o de la compra. 1-877-485-0385<\/span><\/li>\n<li><span class=\"a-list-item\">Una marca de Amazon<\/span><br \/>\n<table class=\"a-normal a-spacing-micro\">\n<tbody>\n<tr class=\"a-spacing-small po-flavor\">\n<td class=\"a-span3\"><span class=\"a-size-base a-text-bold\">Sabor<\/span><\/td>\n<td class=\"a-span9\"><span class=\"a-size-base\">Organic Mediterranean<\/span><\/td>\n<\/tr>\n<tr class=\"a-spacing-small po-brand\">\n<td class=\"a-span3\"><span class=\"a-size-base a-text-bold\">Marca<\/span><\/td>\n<td class=\"a-span9\"><span class=\"a-size-base\">AmazonFresh<\/span><\/td>\n<\/tr>\n<tr class=\"a-spacing-small po-item_dimensions\">\n<td class=\"a-span3\"><span class=\"a-size-base a-text-bold\">Dimensiones del art\u00edculo LxWxH<\/span><\/td>\n<td class=\"a-span9\"><span class=\"a-size-base\">2.69 x 2.69 x 8.07 pulgadas<\/span><\/td>\n<\/tr>\n<tr class=\"a-spacing-small po-item_volume\">\n<td class=\"a-span3\"><span class=\"a-size-base a-text-bold\">Volumen<\/span><\/td>\n<td class=\"a-span9\"><span class=\"a-size-base\">16.9 Onzas Fluidas<\/span><\/td>\n<\/tr>\n<tr class=\"a-spacing-small po-item_package_weight\">\n<td class=\"a-span3\"><span class=\"a-size-base a-text-bold\">Peso del paquete<\/span><\/td>\n<td class=\"a-span9\"><span class=\"a-size-base\">0.49 Kilogramos<\/span><\/td>\n<\/tr>\n<\/tbody>\n<\/table>\n<\/li>\n<\/ul>\n","protected":false},"excerpt":{"rendered":"<table class=\"a-normal a-spacing-micro\">\n<tbody>\n<tr class=\"a-spacing-small po-flavor\">\n<td class=\"a-span3\">\n                  <span class=\"a-size-base a-text-bold\">Sabor<\/span>\n                <\/td>\n<td class=\"a-span9\">\n                  <span class=\"a-size-base\">Organic Mediterranean<\/span>\n                <\/td>\n<\/tr>\n<tr class=\"a-spacing-small po-brand\">\n<td class=\"a-span3\">\n                  <span class=\"a-size-base a-text-bold\">Marca<\/span>\n                <\/td>\n<td class=\"a-span9\">\n                  <span class=\"a-size-base\">AmazonFresh<\/span>\n                <\/td>\n<\/tr>\n<tr class=\"a-spacing-small po-item_dimensions\">\n<td class=\"a-span3\">\n                  <span class=\"a-size-base a-text-bold\">Dimensiones del art\u00edculo LxWxH<\/span>\n                <\/td>\n<td class=\"a-span9\">\n                  <span class=\"a-size-base\">2.69 x 2.69 x 8.07 pulgadas<\/span>\n                <\/td>\n<\/tr>\n<tr class=\"a-spacing-small po-item_volume\">\n<td class=\"a-span3\">\n                  <span class=\"a-size-base a-text-bold\">Volumen<\/span>\n                <\/td>\n<td class=\"a-span9\">\n                  <span class=\"a-size-base\">16.9 Onzas Fluidas<\/span>\n                <\/td>\n<\/tr>\n<tr class=\"a-spacing-small po-item_package_weight\">\n<td class=\"a-span3\">\n                  <span class=\"a-size-base a-text-bold\">Peso del paquete<\/span>\n                <\/td>\n<td class=\"a-span9\">\n                  <span class=\"a-size-base\">0.49 Kilogramos<\/span>\n                <\/td>\n<\/tr>\n<\/tbody>\n<\/table>\n","protected":false},"featured_media":1116,"comment_status":"closed","ping_status":"closed","template":"","meta":[],"product_cat":[73],"product_tag":[],"foods":[],"ingredients":[82],"stores":[35],"class_list":["post-1208","product","type-product","status-publish","has-post-thumbnail","hentry","product_cat-ingredientes-de-comida","ingredients-aceite-de-oliva","stores-amazon"],"acf":[],"_links":{"self":[{"href":"https:\/\/ketogallery.com\/es\/wp-json\/wp\/v2\/product\/1208","targetHints":{"allow":["GET"]}}],"collection":[{"href":"https:\/\/ketogallery.com\/es\/wp-json\/wp\/v2\/product"}],"about":[{"href":"https:\/\/ketogallery.com\/es\/wp-json\/wp\/v2\/types\/product"}],"replies":[{"embeddable":true,"href":"https:\/\/ketogallery.com\/es\/wp-json\/wp\/v2\/comments?post=1208"}],"wp:featuredmedia":[{"embeddable":true,"href":"https:\/\/ketogallery.com\/es\/wp-json\/wp\/v2\/media\/1116"}],"wp:attachment":[{"href":"https:\/\/ketogallery.com\/es\/wp-json\/wp\/v2\/media?parent=1208"}],"wp:term":[{"taxonomy":"product_cat","embeddable":true,"href":"https:\/\/ketogallery.com\/es\/wp-json\/wp\/v2\/product_cat?post=1208"},{"taxonomy":"product_tag","embeddable":true,"href":"https:\/\/ketogallery.com\/es\/wp-json\/wp\/v2\/product_tag?post=1208"},{"taxonomy":"foods","embeddable":true,"href":"https:\/\/ketogallery.com\/es\/wp-json\/wp\/v2\/foods?post=1208"},{"taxonomy":"ingredients","embeddable":true,"href":"https:\/\/ketogallery.com\/es\/wp-json\/wp\/v2\/ingredients?post=1208"},{"taxonomy":"stores","embeddable":true,"href":"https:\/\/ketogallery.com\/es\/wp-json\/wp\/v2\/stores?post=1208"}],"curies":[{"name":"wp","href":"https:\/\/api.w.org\/{rel}","templated":true}]}}