{"id":1211,"date":"2022-04-12T04:18:57","date_gmt":"2022-04-12T04:18:57","guid":{"rendered":"https:\/\/ketogallery.com\/product\/hierba-cilantro-organico-1-manojo"},"modified":"2022-04-22T22:22:54","modified_gmt":"2022-04-22T22:22:54","slug":"herb-cilantro-organic-1-bunch","status":"publish","type":"product","link":"https:\/\/ketogallery.com\/es\/producto\/herb-cilantro-organic-1-bunch","title":{"rendered":"Hierba Cilantro Org\u00e1nico, 1 Manojo"},"content":{"rendered":"<p class=\"a-size-base-plus a-text-bold\">Acerca de este art\u00edculo<\/p>\n<ul class=\"a-unordered-list a-vertical a-spacing-mini\">\n<li><span class=\"a-list-item\">Seleccionado y almacenado fresco<\/span><\/li>\n<li><span class=\"a-list-item\">Obtenido con altos est\u00e1ndares de calidad.<\/span><\/li>\n<li><span class=\"a-list-item\">Recomendado para lavar antes de consumir.<\/span><\/li>\n<li><span class=\"a-list-item\">Delicioso por s\u00ed solo como un refrigerio saludable o como parte de una receta.<\/span><\/li>\n<\/ul>\n<table class=\"a-normal a-spacing-micro\">\n<tbody>\n<tr class=\"a-spacing-small po-brand\">\n<td class=\"a-span3\">\n                  <span class=\"a-size-base a-text-bold\">Marca<\/span>\n                <\/td>\n<td class=\"a-span9\">\n                  <span class=\"a-size-base\">Producto<\/span>\n                <\/td>\n<\/tr>\n<tr class=\"a-spacing-small po-variety\">\n<td class=\"a-span3\">\n                  <span class=\"a-size-base a-text-bold\">Variedad<\/span>\n                <\/td>\n<td class=\"a-span9\">\n                  <span class=\"a-size-base\">Cilantro<\/span>\n                <\/td>\n<\/tr>\n<tr class=\"a-spacing-small po-item_form\">\n<td class=\"a-span3\">\n                  <span class=\"a-size-base a-text-bold\">Formulario de art\u00edculo<\/span>\n                <\/td>\n<td class=\"a-span9\">\n                  <span class=\"a-size-base\">Hojas<\/span>\n                <\/td>\n<\/tr>\n<\/tbody>\n<\/table>\n","protected":false},"excerpt":{"rendered":"<p>Acerca de este art\u00edculo Seleccionado y almacenado fresco Obtenido con altos est\u00e1ndares de calidad. Recomendado para lavar antes de consumir. Delicioso por s\u00ed solo como un refrigerio saludable o como parte de una receta. Marca Producto Variedad Cilantro Formulario de art\u00edculo Hojas<\/p>\n","protected":false},"featured_media":1189,"comment_status":"closed","ping_status":"closed","template":"","meta":[],"product_cat":[73],"product_tag":[],"foods":[65,79,57],"ingredients":[87],"stores":[35],"class_list":["post-1211","product","type-product","status-publish","has-post-thumbnail","hentry","product_cat-ingredientes-de-comida","foods-hierbas-y-especias","foods-vegano","foods-vegetales","ingredients-cilantro-es","stores-amazon"],"acf":[],"_links":{"self":[{"href":"https:\/\/ketogallery.com\/es\/wp-json\/wp\/v2\/product\/1211","targetHints":{"allow":["GET"]}}],"collection":[{"href":"https:\/\/ketogallery.com\/es\/wp-json\/wp\/v2\/product"}],"about":[{"href":"https:\/\/ketogallery.com\/es\/wp-json\/wp\/v2\/types\/product"}],"replies":[{"embeddable":true,"href":"https:\/\/ketogallery.com\/es\/wp-json\/wp\/v2\/comments?post=1211"}],"wp:featuredmedia":[{"embeddable":true,"href":"https:\/\/ketogallery.com\/es\/wp-json\/wp\/v2\/media\/1189"}],"wp:attachment":[{"href":"https:\/\/ketogallery.com\/es\/wp-json\/wp\/v2\/media?parent=1211"}],"wp:term":[{"taxonomy":"product_cat","embeddable":true,"href":"https:\/\/ketogallery.com\/es\/wp-json\/wp\/v2\/product_cat?post=1211"},{"taxonomy":"product_tag","embeddable":true,"href":"https:\/\/ketogallery.com\/es\/wp-json\/wp\/v2\/product_tag?post=1211"},{"taxonomy":"foods","embeddable":true,"href":"https:\/\/ketogallery.com\/es\/wp-json\/wp\/v2\/foods?post=1211"},{"taxonomy":"ingredients","embeddable":true,"href":"https:\/\/ketogallery.com\/es\/wp-json\/wp\/v2\/ingredients?post=1211"},{"taxonomy":"stores","embeddable":true,"href":"https:\/\/ketogallery.com\/es\/wp-json\/wp\/v2\/stores?post=1211"}],"curies":[{"name":"wp","href":"https:\/\/api.w.org\/{rel}","templated":true}]}}