{"id":1955,"date":"2022-04-17T02:40:45","date_gmt":"2022-04-17T02:40:45","guid":{"rendered":"https:\/\/ketogallery.com\/product\/leche-tostada-de-coco-y-almendras-sin-azucar-por-califia-farms-48-oz"},"modified":"2022-04-17T02:40:45","modified_gmt":"2022-04-17T02:40:45","slug":"toasted-coconut-almond-milk-unsweetened-by-califia-farms-48-oz-2","status":"publish","type":"product","link":"https:\/\/ketogallery.com\/es\/producto\/toasted-coconut-almond-milk-unsweetened-by-califia-farms-48-oz-2","title":{"rendered":"Leche tostada de coco y almendras sin az\u00facar por Califia Farms, 48 oz"},"content":{"rendered":"<p class=\"a-size-base-plus a-text-bold\">Acerca de este art\u00edculo<\/p>\n<ul class=\"a-unordered-list a-vertical a-spacing-mini\">\n<li><span class=\"a-list-item\">Sin soya, sin l\u00e1cteos, sin gluten, sin carragenina, sin OGM, kosher, vegano, sin BPA<\/span><\/li>\n<li><span class=\"a-list-item\">50% m\u00e1s calcio que la leche<\/span><\/li>\n<li><span class=\"a-list-item\">Solo 45 calor\u00edas por raci\u00f3n y sin az\u00facares a\u00f1adidos<\/span><\/li>\n<li><span class=\"a-list-item\">Hecho de almendras no modificadas gen\u00e9ticamente.<\/span><\/li>\n<li><span class=\"a-list-item\">Suave y deliciosa<\/span><\/li>\n<\/ul>\n","protected":false},"excerpt":{"rendered":"<p>Califia Farms &#8211; Leche de almendras, coco tostado, 48 oz | Sin L\u00e1cteos | Sin Soja | Basado en plantas | Leche de Nuez | vegano | Sin OMG | 45 calor\u00edas | Alto calcio<\/p>\n","protected":false},"featured_media":1798,"comment_status":"closed","ping_status":"closed","template":"","meta":[],"product_cat":[53],"product_tag":[],"foods":[151,79],"ingredients":[60,152,153],"stores":[35],"class_list":["post-1955","product","type-product","status-publish","has-post-thumbnail","hentry","product_cat-bebidas","foods-sin-gluten","foods-vegano","ingredients-leche","ingredients-leche-de-almendras","ingredients-leche-de-coco","stores-amazon"],"acf":[],"_links":{"self":[{"href":"https:\/\/ketogallery.com\/es\/wp-json\/wp\/v2\/product\/1955","targetHints":{"allow":["GET"]}}],"collection":[{"href":"https:\/\/ketogallery.com\/es\/wp-json\/wp\/v2\/product"}],"about":[{"href":"https:\/\/ketogallery.com\/es\/wp-json\/wp\/v2\/types\/product"}],"replies":[{"embeddable":true,"href":"https:\/\/ketogallery.com\/es\/wp-json\/wp\/v2\/comments?post=1955"}],"wp:featuredmedia":[{"embeddable":true,"href":"https:\/\/ketogallery.com\/es\/wp-json\/wp\/v2\/media\/1798"}],"wp:attachment":[{"href":"https:\/\/ketogallery.com\/es\/wp-json\/wp\/v2\/media?parent=1955"}],"wp:term":[{"taxonomy":"product_cat","embeddable":true,"href":"https:\/\/ketogallery.com\/es\/wp-json\/wp\/v2\/product_cat?post=1955"},{"taxonomy":"product_tag","embeddable":true,"href":"https:\/\/ketogallery.com\/es\/wp-json\/wp\/v2\/product_tag?post=1955"},{"taxonomy":"foods","embeddable":true,"href":"https:\/\/ketogallery.com\/es\/wp-json\/wp\/v2\/foods?post=1955"},{"taxonomy":"ingredients","embeddable":true,"href":"https:\/\/ketogallery.com\/es\/wp-json\/wp\/v2\/ingredients?post=1955"},{"taxonomy":"stores","embeddable":true,"href":"https:\/\/ketogallery.com\/es\/wp-json\/wp\/v2\/stores?post=1955"}],"curies":[{"name":"wp","href":"https:\/\/api.w.org\/{rel}","templated":true}]}}