{"id":1970,"date":"2022-04-14T03:30:31","date_gmt":"2022-04-14T03:30:31","guid":{"rendered":"https:\/\/ketogallery.com\/product\/lemony-lemon-fat-snax-keto-cookies-paquete-de-6-12-galletas"},"modified":"2022-04-14T03:30:31","modified_gmt":"2022-04-14T03:30:31","slug":"lemony-lemon-fat-snax-keto-cookies-6-pack-12-cookies-2","status":"publish","type":"product","link":"https:\/\/ketogallery.com\/es\/producto\/lemony-lemon-fat-snax-keto-cookies-6-pack-12-cookies-2","title":{"rendered":"Lemony Lemon Fat Snax Keto Cookies, paquete de 6 (12 galletas)"},"content":{"rendered":"<p class=\"a-size-base-plus a-text-bold\">Acerca de este art\u00edculo<\/p>\n<ul class=\"a-unordered-list a-vertical a-spacing-mini\">\n<li><span class=\"a-list-item\">La galleta favorita de Keto: nos apasiona hacer los mejores refrigerios cetog\u00e9nicos y bajos en carbohidratos del mundo<\/span><\/li>\n<li><span class=\"a-list-item\">Garant\u00eda de devoluci\u00f3n de dinero &#8211; \u00a1Para todos los pedidos! Hemos enviado a m\u00e1s de 100,000 clientes satisfechos<\/span><\/li>\n<li><span class=\"a-list-item\">Macros Keto-Friendly y bajas en carbohidratos: 0 az\u00facar, 1 carbohidratos netos y 8 g de grasa saludable<\/span><\/li>\n<li><span class=\"a-list-item\">El mejor refrigerio cetog\u00e9nico: una galleta de lim\u00f3n sabrosa y refrescante, horneada a la perfecci\u00f3n<\/span><\/li>\n<li><span class=\"a-list-item\">Certificado sin gluten: el regalo perfecto para estilos de vida cetog\u00e9nicos, bajos en carbohidratos, sin az\u00facar, sin gluten y paleo<\/span><\/li>\n<\/ul>\n<table class=\"a-normal a-spacing-micro\">\n<tbody>\n<tr class=\"a-spacing-small po-flavor\">\n<td class=\"a-span3\">\n                  <span class=\"a-size-base a-text-bold\">Sabor<\/span>\n                <\/td>\n<td class=\"a-span9\">\n                  <span class=\"a-size-base\">Lima Lim\u00f3n<\/span>\n                <\/td>\n<\/tr>\n<tr class=\"a-spacing-small po-allergen_information\">\n<td class=\"a-span3\">\n                  <span class=\"a-size-base a-text-bold\">Informaci\u00f3n sobre al\u00e9rgenos<\/span>\n                <\/td>\n<td class=\"a-span9\">\n                  <span class=\"a-size-base\">Sin gluten<\/span>\n                <\/td>\n<\/tr>\n<tr class=\"a-spacing-small po-brand\">\n<td class=\"a-span3\">\n                  <span class=\"a-size-base a-text-bold\">Marca<\/span>\n                <\/td>\n<td class=\"a-span9\">\n                  <span class=\"a-size-base\">Fat Snax<\/span>\n                <\/td>\n<\/tr>\n<tr class=\"a-spacing-small po-item_firmness_description\">\n<td class=\"a-span3\">\n                  <span class=\"a-size-base a-text-bold\">Descripci\u00f3n de la Firmeza del Art\u00edculo<\/span>\n                <\/td>\n<td class=\"a-span9\">\n                  <span class=\"a-size-base\">Galletas<\/span>\n                <\/td>\n<\/tr>\n<tr class=\"a-spacing-small po-item_package_weight\">\n<td class=\"a-span3\">\n                  <span class=\"a-size-base a-text-bold\">Peso del paquete<\/span>\n                <\/td>\n<td class=\"a-span9\">\n                  <span class=\"a-size-base\">0.41 Kilogramos<\/span>\n                <\/td>\n<\/tr>\n<\/tbody>\n<\/table>\n","protected":false},"excerpt":{"rendered":"<p>Fat Snax Keto Cookies &#8211; Snacks Keto bajos en carbohidratos y sin az\u00facar<\/p>\n","protected":false},"featured_media":1426,"comment_status":"closed","ping_status":"closed","template":"","meta":[],"product_cat":[56],"product_tag":[],"foods":[],"ingredients":[],"stores":[35],"class_list":["post-1970","product","type-product","status-publish","has-post-thumbnail","hentry","product_cat-aperitivos","stores-amazon"],"acf":[],"_links":{"self":[{"href":"https:\/\/ketogallery.com\/es\/wp-json\/wp\/v2\/product\/1970","targetHints":{"allow":["GET"]}}],"collection":[{"href":"https:\/\/ketogallery.com\/es\/wp-json\/wp\/v2\/product"}],"about":[{"href":"https:\/\/ketogallery.com\/es\/wp-json\/wp\/v2\/types\/product"}],"replies":[{"embeddable":true,"href":"https:\/\/ketogallery.com\/es\/wp-json\/wp\/v2\/comments?post=1970"}],"wp:featuredmedia":[{"embeddable":true,"href":"https:\/\/ketogallery.com\/es\/wp-json\/wp\/v2\/media\/1426"}],"wp:attachment":[{"href":"https:\/\/ketogallery.com\/es\/wp-json\/wp\/v2\/media?parent=1970"}],"wp:term":[{"taxonomy":"product_cat","embeddable":true,"href":"https:\/\/ketogallery.com\/es\/wp-json\/wp\/v2\/product_cat?post=1970"},{"taxonomy":"product_tag","embeddable":true,"href":"https:\/\/ketogallery.com\/es\/wp-json\/wp\/v2\/product_tag?post=1970"},{"taxonomy":"foods","embeddable":true,"href":"https:\/\/ketogallery.com\/es\/wp-json\/wp\/v2\/foods?post=1970"},{"taxonomy":"ingredients","embeddable":true,"href":"https:\/\/ketogallery.com\/es\/wp-json\/wp\/v2\/ingredients?post=1970"},{"taxonomy":"stores","embeddable":true,"href":"https:\/\/ketogallery.com\/es\/wp-json\/wp\/v2\/stores?post=1970"}],"curies":[{"name":"wp","href":"https:\/\/api.w.org\/{rel}","templated":true}]}}