{"id":1973,"date":"2022-04-14T04:12:01","date_gmt":"2022-04-14T04:12:01","guid":{"rendered":"https:\/\/ketogallery.com\/product\/comino-molido-de-mccormick-14-oz"},"modified":"2022-04-14T04:12:01","modified_gmt":"2022-04-14T04:12:01","slug":"ground-cumin-by-mccormick-14-oz-2","status":"publish","type":"product","link":"https:\/\/ketogallery.com\/es\/producto\/ground-cumin-by-mccormick-14-oz-2","title":{"rendered":"Comino Molido de McCormick, 14 oz"},"content":{"rendered":"<p class=\"a-size-base-plus a-text-bold\">Acerca de este art\u00edculo<\/p>\n<ul class=\"a-unordered-list a-vertical a-spacing-mini\">\n<li><span class=\"a-list-item\">Calidez y sutil sabor a c\u00edtricos.<\/span><\/li>\n<li><span class=\"a-list-item\">\u00daselo en chili, tacos, salsa, dip de frijoles negros y otros platos Tex Mex<\/span><\/li>\n<li><span class=\"a-list-item\">Siempre molido a partir de semillas de comino enteras<\/span><\/li>\n<li><span class=\"a-list-item\">Un favorito en las cocinas mexicana, latinoamericana, india y del Medio Oriente.<\/span><\/li>\n<li><span class=\"a-list-item\">Esencial en mezclas de especias para chile en polvo, garam masala y condimentos para tacos<\/span><\/li>\n<\/ul>\n<table class=\"a-normal a-spacing-micro\">\n<tbody>\n<tr class=\"a-spacing-small po-brand\">\n<td class=\"a-span3\">\n                  <span class=\"a-size-base a-text-bold\">Marca<\/span>\n                <\/td>\n<td class=\"a-span9\">\n                  <span class=\"a-size-base\">McCormick<\/span>\n                <\/td>\n<\/tr>\n<tr class=\"a-spacing-small po-item_weight\">\n<td class=\"a-span3\">\n                  <span class=\"a-size-base a-text-bold\">Peso<\/span>\n                <\/td>\n<td class=\"a-span9\">\n                  <span class=\"a-size-base\">14 Onzas<\/span>\n                <\/td>\n<\/tr>\n<tr class=\"a-spacing-small po-specialty\">\n<td class=\"a-span3\">\n                  <span class=\"a-size-base a-text-bold\">Especialidad<\/span>\n                <\/td>\n<td class=\"a-span9\">\n                  <span class=\"a-size-base\">Vegetariano, Kosher, Vegano<\/span>\n                <\/td>\n<\/tr>\n<tr class=\"a-spacing-small po-item_package_weight\">\n<td class=\"a-span3\">\n                  <span class=\"a-size-base a-text-bold\">Peso del paquete<\/span>\n                <\/td>\n<td class=\"a-span9\">\n                  <span class=\"a-size-base\">0.45 Kilogramos<\/span>\n                <\/td>\n<\/tr>\n<tr class=\"a-spacing-small po-variety\">\n<td class=\"a-span3\">\n                  <span class=\"a-size-base a-text-bold\">Variedad<\/span>\n                <\/td>\n<td class=\"a-span9\">\n                  <span class=\"a-size-base\">Comino<\/span>\n                <\/td>\n<\/tr>\n<\/tbody>\n<\/table>\n","protected":false},"excerpt":{"rendered":"<p>Acerca de este art\u00edculo Calidez y sutil sabor a c\u00edtricos. \u00daselo en chili, tacos, salsa, dip de frijoles negros y otros platos Tex Mex Siempre molido a partir de semillas de comino enteras Un favorito en las cocinas mexicana, latinoamericana, india y del Medio Oriente. Esencial en mezclas de especias para chile en polvo, garam [&hellip;]<\/p>\n","protected":false},"featured_media":1441,"comment_status":"closed","ping_status":"closed","template":"","meta":[],"product_cat":[73],"product_tag":[],"foods":[65],"ingredients":[123],"stores":[35],"class_list":["post-1973","product","type-product","status-publish","has-post-thumbnail","hentry","product_cat-ingredientes-de-comida","foods-hierbas-y-especias","ingredients-comino","stores-amazon"],"acf":[],"_links":{"self":[{"href":"https:\/\/ketogallery.com\/es\/wp-json\/wp\/v2\/product\/1973","targetHints":{"allow":["GET"]}}],"collection":[{"href":"https:\/\/ketogallery.com\/es\/wp-json\/wp\/v2\/product"}],"about":[{"href":"https:\/\/ketogallery.com\/es\/wp-json\/wp\/v2\/types\/product"}],"replies":[{"embeddable":true,"href":"https:\/\/ketogallery.com\/es\/wp-json\/wp\/v2\/comments?post=1973"}],"wp:featuredmedia":[{"embeddable":true,"href":"https:\/\/ketogallery.com\/es\/wp-json\/wp\/v2\/media\/1441"}],"wp:attachment":[{"href":"https:\/\/ketogallery.com\/es\/wp-json\/wp\/v2\/media?parent=1973"}],"wp:term":[{"taxonomy":"product_cat","embeddable":true,"href":"https:\/\/ketogallery.com\/es\/wp-json\/wp\/v2\/product_cat?post=1973"},{"taxonomy":"product_tag","embeddable":true,"href":"https:\/\/ketogallery.com\/es\/wp-json\/wp\/v2\/product_tag?post=1973"},{"taxonomy":"foods","embeddable":true,"href":"https:\/\/ketogallery.com\/es\/wp-json\/wp\/v2\/foods?post=1973"},{"taxonomy":"ingredients","embeddable":true,"href":"https:\/\/ketogallery.com\/es\/wp-json\/wp\/v2\/ingredients?post=1973"},{"taxonomy":"stores","embeddable":true,"href":"https:\/\/ketogallery.com\/es\/wp-json\/wp\/v2\/stores?post=1973"}],"curies":[{"name":"wp","href":"https:\/\/api.w.org\/{rel}","templated":true}]}}