{"id":1975,"date":"2022-04-14T04:45:32","date_gmt":"2022-04-14T04:45:32","guid":{"rendered":"https:\/\/ketogallery.com\/product\/pimienta-negra-molida-pura-de-mccormick-16-oz"},"modified":"2022-04-14T04:45:32","modified_gmt":"2022-04-14T04:45:32","slug":"pure-ground-black-pepper-by-mccormick-16-oz-2","status":"publish","type":"product","link":"https:\/\/ketogallery.com\/es\/producto\/pure-ground-black-pepper-by-mccormick-16-oz-2","title":{"rendered":"Pimienta negra molida pura de McCormick, 16 oz"},"content":{"rendered":"<p class=\"a-size-base-plus a-text-bold\">Acerca de este art\u00edculo<\/p>\n<ul class=\"a-unordered-list a-vertical a-spacing-mini\">\n<li><span class=\"a-list-item\">Sabor a pimienta negra molida pura Sellado para brindar frescura<\/span><\/li>\n<li><span class=\"a-list-item\">Calidad premium para un sabor superior.<\/span><\/li>\n<li><span class=\"a-list-item\">Presenta un sabor amaderado a pino con un sabor picante<\/span><\/li>\n<li><span class=\"a-list-item\">Se puede utilizar en casi cualquier plato.<\/span><\/li>\n<li><span class=\"a-list-item\">Ninguna cocina deber\u00eda estar sin McCormick Pure Ground Black Pepper. Este alimento b\u00e1sico de la despensa est\u00e1 sellado con sabor para una frescura superior y presenta un intenso sabor a madera y pino que es picante y mordaz al gusto que agrega un sabor audaz a casi cualquier creaci\u00f3n culinaria. Agite este pimiento de primera calidad en ensaladas mixtas o verduras al vapor para darle un toque sabroso. O espolvor\u00e9elo sobre carnes asadas o util\u00edcelo en adobos para desarrollar un sabor profundo y sabroso.<\/span><\/li>\n<\/ul>\n<table class=\"a-normal a-spacing-micro\">\n<tbody>\n<tr class=\"a-spacing-small po-brand\">\n<td class=\"a-span3\">\n                  <span class=\"a-size-base a-text-bold\">Marca<\/span>\n                <\/td>\n<td class=\"a-span9\">\n                  <span class=\"a-size-base\">McCormick<\/span>\n                <\/td>\n<\/tr>\n<tr class=\"a-spacing-small po-item_weight\">\n<td class=\"a-span3\">\n                  <span class=\"a-size-base a-text-bold\">Peso<\/span>\n                <\/td>\n<td class=\"a-span9\">\n                  <span class=\"a-size-base\">1.15 Libras<\/span>\n                <\/td>\n<\/tr>\n<tr class=\"a-spacing-small po-specialty\">\n<td class=\"a-span3\">\n                  <span class=\"a-size-base a-text-bold\">Especialidad<\/span>\n                <\/td>\n<td class=\"a-span9\">\n                  <span class=\"a-size-base\">Vegetariano, Kosher, Vegano<\/span>\n                <\/td>\n<\/tr>\n<tr class=\"a-spacing-small po-item_package_weight\">\n<td class=\"a-span3\">\n                  <span class=\"a-size-base a-text-bold\">Peso del paquete<\/span>\n                <\/td>\n<td class=\"a-span9\">\n                  <span class=\"a-size-base\">0.54 Kilogramos<\/span>\n                <\/td>\n<\/tr>\n<tr class=\"a-spacing-small po-item_form\">\n<td class=\"a-span3\">\n                  <span class=\"a-size-base a-text-bold\">Formulario de art\u00edculo<\/span>\n                <\/td>\n<td class=\"a-span9\">\n                  <span class=\"a-size-base\">Polvos<\/span>\n                <\/td>\n<\/tr>\n<\/tbody>\n<\/table>\n","protected":false},"excerpt":{"rendered":"<p>Acerca de este art\u00edculo Sabor a pimienta negra molida pura Sellado para brindar frescura Calidad premium para un sabor superior. Presenta un sabor amaderado a pino con un sabor picante Se puede utilizar en casi cualquier plato. Ninguna cocina deber\u00eda estar sin McCormick Pure Ground Black Pepper. Este alimento b\u00e1sico de la despensa est\u00e1 sellado [&hellip;]<\/p>\n","protected":false},"featured_media":1458,"comment_status":"closed","ping_status":"closed","template":"","meta":[],"product_cat":[73],"product_tag":[],"foods":[65],"ingredients":[154,124],"stores":[35],"class_list":["post-1975","product","type-product","status-publish","has-post-thumbnail","hentry","product_cat-ingredientes-de-comida","foods-hierbas-y-especias","ingredients-pimienta","ingredients-pimienta-negra","stores-amazon"],"acf":[],"_links":{"self":[{"href":"https:\/\/ketogallery.com\/es\/wp-json\/wp\/v2\/product\/1975","targetHints":{"allow":["GET"]}}],"collection":[{"href":"https:\/\/ketogallery.com\/es\/wp-json\/wp\/v2\/product"}],"about":[{"href":"https:\/\/ketogallery.com\/es\/wp-json\/wp\/v2\/types\/product"}],"replies":[{"embeddable":true,"href":"https:\/\/ketogallery.com\/es\/wp-json\/wp\/v2\/comments?post=1975"}],"wp:featuredmedia":[{"embeddable":true,"href":"https:\/\/ketogallery.com\/es\/wp-json\/wp\/v2\/media\/1458"}],"wp:attachment":[{"href":"https:\/\/ketogallery.com\/es\/wp-json\/wp\/v2\/media?parent=1975"}],"wp:term":[{"taxonomy":"product_cat","embeddable":true,"href":"https:\/\/ketogallery.com\/es\/wp-json\/wp\/v2\/product_cat?post=1975"},{"taxonomy":"product_tag","embeddable":true,"href":"https:\/\/ketogallery.com\/es\/wp-json\/wp\/v2\/product_tag?post=1975"},{"taxonomy":"foods","embeddable":true,"href":"https:\/\/ketogallery.com\/es\/wp-json\/wp\/v2\/foods?post=1975"},{"taxonomy":"ingredients","embeddable":true,"href":"https:\/\/ketogallery.com\/es\/wp-json\/wp\/v2\/ingredients?post=1975"},{"taxonomy":"stores","embeddable":true,"href":"https:\/\/ketogallery.com\/es\/wp-json\/wp\/v2\/stores?post=1975"}],"curies":[{"name":"wp","href":"https:\/\/api.w.org\/{rel}","templated":true}]}}