{"id":1996,"date":"2022-04-17T00:01:29","date_gmt":"2022-04-17T00:01:29","guid":{"rendered":"https:\/\/ketogallery.com\/product\/comidas-keto-listas-para-comer-de-factor"},"modified":"2022-04-17T00:01:29","modified_gmt":"2022-04-17T00:01:29","slug":"keto-meals-ready-to-eat-by-factor-2","status":"publish","type":"product","link":"https:\/\/ketogallery.com\/es\/producto\/keto-meals-ready-to-eat-by-factor-2","title":{"rendered":"Comidas Keto listas para comer de Factor"},"content":{"rendered":"<p>Factor elimina el estr\u00e9s de una vida saludable. \u00a1Ofrecemos comidas frescas y preparadas que respaldan incluso los estilos de vida m\u00e1s ocupados! Compramos, preparamos, cocinamos y entregamos en la puerta de tu casa para que puedas experimentar los beneficios de una alimentaci\u00f3n limpia sin molestias. Cuando est\u00e1s en forma, te ves genial, te sientes incre\u00edble y tienes la energ\u00eda y el enfoque que necesitas. \u00a1Como beneficio adicional, nuestro equipo de dietistas siempre est\u00e1 disponible para una responsabilidad adicional para ayudarlo a alcanzar sus objetivos con nuestros programas de asesoramiento nutricional!<\/p>\n<p>\u00a1Las comidas se pueden calentar en el horno o en el microondas! Consulte el empaque para obtener instrucciones de calentamiento espec\u00edficas para cada comida. Tambi\u00e9n puede hacer clic en la imagen de la comida en nuestra p\u00e1gina de men\u00fa, desplazarse hacia abajo y hacer clic en &#8216;Mostrar instrucciones de calentamiento&#8217;. Si est\u00e1 calentando en el horno, le recomendamos que coloque el recipiente de comida en una bandeja para hornear para que sea f\u00e1cil sacarlo una vez que est\u00e9 caliente.<\/p>\n","protected":false},"excerpt":{"rendered":"<p>Utilizamos los ingredientes m\u00e1s frescos y de la m\u00e1s alta calidad disponibles, y nuestro equipo culinario interno trabaja constantemente para optimizar el valor nutricional de cada comida. Las comidas llegan frescas y est\u00e1n completamente preparadas, \u00a1simplemente cali\u00e9ntelas en el microondas o en el horno y disfr\u00fatelas!<\/p>\n","protected":false},"featured_media":1732,"comment_status":"closed","ping_status":"closed","template":"","meta":[],"product_cat":[54],"product_tag":[],"foods":[58,70,68,69,65,59,79,57],"ingredients":[],"stores":[],"class_list":["post-1996","product","type-product","status-publish","has-post-thumbnail","hentry","product_cat-productos-comidas","foods-carne","foods-comida-del-mar","foods-frutas","foods-granos","foods-hierbas-y-especias","foods-lacteos","foods-vegano","foods-vegetales"],"acf":[],"_links":{"self":[{"href":"https:\/\/ketogallery.com\/es\/wp-json\/wp\/v2\/product\/1996","targetHints":{"allow":["GET"]}}],"collection":[{"href":"https:\/\/ketogallery.com\/es\/wp-json\/wp\/v2\/product"}],"about":[{"href":"https:\/\/ketogallery.com\/es\/wp-json\/wp\/v2\/types\/product"}],"replies":[{"embeddable":true,"href":"https:\/\/ketogallery.com\/es\/wp-json\/wp\/v2\/comments?post=1996"}],"wp:featuredmedia":[{"embeddable":true,"href":"https:\/\/ketogallery.com\/es\/wp-json\/wp\/v2\/media\/1732"}],"wp:attachment":[{"href":"https:\/\/ketogallery.com\/es\/wp-json\/wp\/v2\/media?parent=1996"}],"wp:term":[{"taxonomy":"product_cat","embeddable":true,"href":"https:\/\/ketogallery.com\/es\/wp-json\/wp\/v2\/product_cat?post=1996"},{"taxonomy":"product_tag","embeddable":true,"href":"https:\/\/ketogallery.com\/es\/wp-json\/wp\/v2\/product_tag?post=1996"},{"taxonomy":"foods","embeddable":true,"href":"https:\/\/ketogallery.com\/es\/wp-json\/wp\/v2\/foods?post=1996"},{"taxonomy":"ingredients","embeddable":true,"href":"https:\/\/ketogallery.com\/es\/wp-json\/wp\/v2\/ingredients?post=1996"},{"taxonomy":"stores","embeddable":true,"href":"https:\/\/ketogallery.com\/es\/wp-json\/wp\/v2\/stores?post=1996"}],"curies":[{"name":"wp","href":"https:\/\/api.w.org\/{rel}","templated":true}]}}