{"id":1997,"date":"2022-04-14T05:10:51","date_gmt":"2022-04-14T05:10:51","guid":{"rendered":"https:\/\/ketogallery.com\/product\/ajo-picado-por-mccormick-9-oz"},"modified":"2022-04-14T05:10:51","modified_gmt":"2022-04-14T05:10:51","slug":"minced-garlic-by-mccormick-9-oz-2","status":"publish","type":"product","link":"https:\/\/ketogallery.com\/es\/producto\/minced-garlic-by-mccormick-9-oz-2","title":{"rendered":"Ajo picado por McCormick, 9 oz"},"content":{"rendered":"<p class=\"a-size-base-plus a-text-bold\">Acerca de este art\u00edculo<\/p>\n<ul class=\"a-unordered-list a-vertical a-spacing-mini\">\n<li><span class=\"a-list-item\">Elaborado con dientes de ajo enteros frescos que se han secado y picado<\/span><\/li>\n<li><span class=\"a-list-item\">El ajo picado McCormick tiene un sabor m\u00e1s suave que el ajo crudo<\/span><\/li>\n<li><span class=\"a-list-item\">\u00daselo en cualquier plato que requiera ajo fresco.<\/span><\/li>\n<li><span class=\"a-list-item\">Usa 1\/4 de cucharadita. ajo picado en lugar de 1 diente de ajo fresco<\/span><\/li>\n<li><span class=\"a-list-item\">No GMO<\/span><\/li>\n<\/ul>\n<table class=\"a-normal a-spacing-micro\">\n<tbody>\n<tr class=\"a-spacing-small po-brand\">\n<td class=\"a-span3\">\n                  <span class=\"a-size-base a-text-bold\">Marca<\/span>\n                <\/td>\n<td class=\"a-span9\">\n                  <span class=\"a-size-base\">McCormick<\/span>\n                <\/td>\n<\/tr>\n<tr class=\"a-spacing-small po-item_weight\">\n<td class=\"a-span3\">\n                  <span class=\"a-size-base a-text-bold\">Peso<\/span>\n                <\/td>\n<td class=\"a-span9\">\n                  <span class=\"a-size-base\">0.66 Libras<\/span>\n                <\/td>\n<\/tr>\n<tr class=\"a-spacing-small po-specialty\">\n<td class=\"a-span3\">\n                  <span class=\"a-size-base a-text-bold\">Especialidad<\/span>\n                <\/td>\n<td class=\"a-span9\">\n                  <span class=\"a-size-base\">Vegetariano, Kosher, Vegano<\/span>\n                <\/td>\n<\/tr>\n<tr class=\"a-spacing-small po-item_package_weight\">\n<td class=\"a-span3\">\n                  <span class=\"a-size-base a-text-bold\">Peso del paquete<\/span>\n                <\/td>\n<td class=\"a-span9\">\n                  <span class=\"a-size-base\">0.3 Kilogramos<\/span>\n                <\/td>\n<\/tr>\n<tr class=\"a-spacing-small po-variety\">\n<td class=\"a-span3\">\n                  <span class=\"a-size-base a-text-bold\">Variedad<\/span>\n                <\/td>\n<td class=\"a-span9\">\n                  <span class=\"a-size-base\">Ajo<\/span>\n                <\/td>\n<\/tr>\n<\/tbody>\n<\/table>\n","protected":false},"excerpt":{"rendered":"<p>Acerca de este art\u00edculo Elaborado con dientes de ajo enteros frescos que se han secado y picado El ajo picado McCormick tiene un sabor m\u00e1s suave que el ajo crudo \u00daselo en cualquier plato que requiera ajo fresco. Usa 1\/4 de cucharadita. ajo picado en lugar de 1 diente de ajo fresco No GMO Marca [&hellip;]<\/p>\n","protected":false},"featured_media":1472,"comment_status":"closed","ping_status":"closed","template":"","meta":[],"product_cat":[73],"product_tag":[],"foods":[65],"ingredients":[113,125],"stores":[35],"class_list":["post-1997","product","type-product","status-publish","has-post-thumbnail","hentry","product_cat-ingredientes-de-comida","foods-hierbas-y-especias","ingredients-ajo","ingredients-ajo-deshidratado","stores-amazon"],"acf":[],"_links":{"self":[{"href":"https:\/\/ketogallery.com\/es\/wp-json\/wp\/v2\/product\/1997","targetHints":{"allow":["GET"]}}],"collection":[{"href":"https:\/\/ketogallery.com\/es\/wp-json\/wp\/v2\/product"}],"about":[{"href":"https:\/\/ketogallery.com\/es\/wp-json\/wp\/v2\/types\/product"}],"replies":[{"embeddable":true,"href":"https:\/\/ketogallery.com\/es\/wp-json\/wp\/v2\/comments?post=1997"}],"wp:featuredmedia":[{"embeddable":true,"href":"https:\/\/ketogallery.com\/es\/wp-json\/wp\/v2\/media\/1472"}],"wp:attachment":[{"href":"https:\/\/ketogallery.com\/es\/wp-json\/wp\/v2\/media?parent=1997"}],"wp:term":[{"taxonomy":"product_cat","embeddable":true,"href":"https:\/\/ketogallery.com\/es\/wp-json\/wp\/v2\/product_cat?post=1997"},{"taxonomy":"product_tag","embeddable":true,"href":"https:\/\/ketogallery.com\/es\/wp-json\/wp\/v2\/product_tag?post=1997"},{"taxonomy":"foods","embeddable":true,"href":"https:\/\/ketogallery.com\/es\/wp-json\/wp\/v2\/foods?post=1997"},{"taxonomy":"ingredients","embeddable":true,"href":"https:\/\/ketogallery.com\/es\/wp-json\/wp\/v2\/ingredients?post=1997"},{"taxonomy":"stores","embeddable":true,"href":"https:\/\/ketogallery.com\/es\/wp-json\/wp\/v2\/stores?post=1997"}],"curies":[{"name":"wp","href":"https:\/\/api.w.org\/{rel}","templated":true}]}}