{"id":2001,"date":"2022-04-16T00:10:03","date_gmt":"2022-04-16T00:10:03","guid":{"rendered":"https:\/\/ketogallery.com\/product\/aceite-infundido-de-ajo-asado-por-tastefully-simple-10-oz"},"modified":"2022-04-16T00:10:03","modified_gmt":"2022-04-16T00:10:03","slug":"roasted-garlic-infused-oil-by-tastefully-simple-10oz-2","status":"publish","type":"product","link":"https:\/\/ketogallery.com\/es\/producto\/roasted-garlic-infused-oil-by-tastefully-simple-10oz-2","title":{"rendered":"Aceite infundido de ajo asado por Tastefully Simple, 10 oz"},"content":{"rendered":"<p class=\"a-size-base-plus a-text-bold\">Acerca de este art\u00edculo<\/p>\n<ul class=\"a-unordered-list a-vertical a-spacing-mini\">\n<li><span class=\"a-list-item\">Mezcla sabrosa: esta mezcla cuidadosamente seleccionada de aceite de oliva y aceite de canola se complementa con ajo ligeramente asado; suave y sutil, el aceite de oliva es un complemento salado perfecto para una amplia variedad de platos<\/span><\/li>\n<li><span class=\"a-list-item\">Condimento vers\u00e1til: use este aceite de oliva para rociar sobre bruschetta y ensaladas, mezcle con pasta o cubra carnes y verduras antes de asar o asar a la parrilla.<\/span><\/li>\n<li><span class=\"a-list-item\">Excepcionalmente vers\u00e1til: Mejore el sabor de todos sus platos favoritos simplemente roci\u00e1ndolos ligeramente sobre esp\u00e1rragos, jud\u00edas verdes y gajos de papa para obtener aperitivos r\u00e1pidos y deliciosos o sumergirlos en pan crujiente para cenar en casa<\/span><\/li>\n<li><span class=\"a-list-item\">Condimentos totalmente naturales: Sin sabores artificiales, edulcorantes, colorantes, conservantes ni grasas hidrogenadas<\/span><\/li>\n<li><span class=\"a-list-item\">Nuestro nombre lo dice todo: Tastefully Simple crea condimentos, salsas y mezclas para hornear exclusivas de alta calidad que hacen comidas locamente deliciosas e incre\u00edblemente simples que les encantar\u00e1n a sus amigos y familiares.<\/span><\/li>\n<\/ul>\n<table class=\"a-normal a-spacing-micro\">\n<tbody>\n<tr class=\"a-spacing-small po-brand\">\n<td class=\"a-span3\">\n                  <span class=\"a-size-base a-text-bold\">Marca<\/span>\n                <\/td>\n<td class=\"a-span9\">\n                  <span class=\"a-size-base\">Con buen gusto simple<\/span>\n                <\/td>\n<\/tr>\n<tr class=\"a-spacing-small po-item_weight\">\n<td class=\"a-span3\">\n                  <span class=\"a-size-base a-text-bold\">Peso<\/span>\n                <\/td>\n<td class=\"a-span9\">\n                  <span class=\"a-size-base\">10 Onzas<\/span>\n                <\/td>\n<\/tr>\n<tr class=\"a-spacing-small po-item_dimensions\">\n<td class=\"a-span3\">\n                  <span class=\"a-size-base a-text-bold\">Dimensiones del art\u00edculo LxWxH<\/span>\n                <\/td>\n<td class=\"a-span9\">\n                  <span class=\"a-size-base\">2.5 x 2.5 x 8 Pulgadas<\/span>\n                <\/td>\n<\/tr>\n<tr class=\"a-spacing-small po-item_volume\">\n<td class=\"a-span3\">\n                  <span class=\"a-size-base a-text-bold\">Volumen<\/span>\n                <\/td>\n<td class=\"a-span9\">\n                  <span class=\"a-size-base\">10 Onzas Fluidas<\/span>\n                <\/td>\n<\/tr>\n<tr class=\"a-spacing-small po-item_package_weight\">\n<td class=\"a-span3\">\n                  <span class=\"a-size-base a-text-bold\">Peso del paquete<\/span>\n                <\/td>\n<td class=\"a-span9\">\n                  <span class=\"a-size-base\">0.41 Kilogramos<\/span>\n                <\/td>\n<\/tr>\n<\/tbody>\n<\/table>\n","protected":false},"excerpt":{"rendered":"<p>Acerca de este art\u00edculo Mezcla sabrosa: esta mezcla cuidadosamente seleccionada de aceite de oliva y aceite de canola se complementa con ajo ligeramente asado; suave y sutil, el aceite de oliva es un complemento salado perfecto para una amplia variedad de platos Condimento vers\u00e1til: use este aceite de oliva para rociar sobre bruschetta y ensaladas, [&hellip;]<\/p>\n","protected":false},"featured_media":1527,"comment_status":"closed","ping_status":"closed","template":"","meta":[],"product_cat":[73],"product_tag":[],"foods":[57],"ingredients":[144],"stores":[35],"class_list":["post-2001","product","type-product","status-publish","has-post-thumbnail","hentry","product_cat-ingredientes-de-comida","foods-vegetales","ingredients-aceite-de-ajo-asado","stores-amazon"],"acf":[],"_links":{"self":[{"href":"https:\/\/ketogallery.com\/es\/wp-json\/wp\/v2\/product\/2001","targetHints":{"allow":["GET"]}}],"collection":[{"href":"https:\/\/ketogallery.com\/es\/wp-json\/wp\/v2\/product"}],"about":[{"href":"https:\/\/ketogallery.com\/es\/wp-json\/wp\/v2\/types\/product"}],"replies":[{"embeddable":true,"href":"https:\/\/ketogallery.com\/es\/wp-json\/wp\/v2\/comments?post=2001"}],"wp:featuredmedia":[{"embeddable":true,"href":"https:\/\/ketogallery.com\/es\/wp-json\/wp\/v2\/media\/1527"}],"wp:attachment":[{"href":"https:\/\/ketogallery.com\/es\/wp-json\/wp\/v2\/media?parent=2001"}],"wp:term":[{"taxonomy":"product_cat","embeddable":true,"href":"https:\/\/ketogallery.com\/es\/wp-json\/wp\/v2\/product_cat?post=2001"},{"taxonomy":"product_tag","embeddable":true,"href":"https:\/\/ketogallery.com\/es\/wp-json\/wp\/v2\/product_tag?post=2001"},{"taxonomy":"foods","embeddable":true,"href":"https:\/\/ketogallery.com\/es\/wp-json\/wp\/v2\/foods?post=2001"},{"taxonomy":"ingredients","embeddable":true,"href":"https:\/\/ketogallery.com\/es\/wp-json\/wp\/v2\/ingredients?post=2001"},{"taxonomy":"stores","embeddable":true,"href":"https:\/\/ketogallery.com\/es\/wp-json\/wp\/v2\/stores?post=2001"}],"curies":[{"name":"wp","href":"https:\/\/api.w.org\/{rel}","templated":true}]}}