{"id":2002,"date":"2022-04-16T01:26:03","date_gmt":"2022-04-16T01:26:03","guid":{"rendered":"https:\/\/ketogallery.com\/product\/polvo-molido-de-ajo-asado-de-badia-6-oz"},"modified":"2022-04-16T01:26:03","modified_gmt":"2022-04-16T01:26:03","slug":"roasted-garlic-ground-powder-by-badia-6oz-2","status":"publish","type":"product","link":"https:\/\/ketogallery.com\/es\/producto\/roasted-garlic-ground-powder-by-badia-6oz-2","title":{"rendered":"Polvo molido de ajo asado de Badia, 6 oz"},"content":{"rendered":"<p class=\"a-size-base-plus a-text-bold\">Acerca de este art\u00edculo<\/p>\n<ul class=\"a-unordered-list a-vertical a-spacing-mini\">\n<li><span class=\"a-list-item\">S\u00ed!!! Env\u00edo r\u00e1pido y gratuito (2-3 d\u00edas h\u00e1biles)<\/span><\/li>\n<li><span class=\"a-list-item\">S\u00ed!!! Producto de primera calidad y siempre fresco!!<\/span><\/li>\n<li><span class=\"a-list-item\">S\u00ed !!! Satisfacci\u00f3n del cliente 100% garantizada o le devolvemos su dinero.<\/span><\/li>\n<li><span class=\"a-list-item\">S\u00ed!!! Certificado Kosher y sin gluten.<\/span><\/li>\n<li><span class=\"a-list-item\">S\u00ed!!! Embalado en EE. UU.<\/span><\/li>\n<\/ul>\n<table class=\"a-normal a-spacing-micro\">\n<tbody>\n<tr class=\"a-spacing-small po-brand\">\n<td class=\"a-span3\">\n                  <span class=\"a-size-base a-text-bold\">Marca<\/span>\n                <\/td>\n<td class=\"a-span9\">\n                  <span class=\"a-size-base\">Badia<\/span>\n                <\/td>\n<\/tr>\n<tr class=\"a-spacing-small po-allergen_information\">\n<td class=\"a-span3\">\n                  <span class=\"a-size-base a-text-bold\">Informaci\u00f3n sobre al\u00e9rgenos<\/span>\n                <\/td>\n<td class=\"a-span9\">\n                  <span class=\"a-size-base\">Sin gluten<\/span>\n                <\/td>\n<\/tr>\n<tr class=\"a-spacing-small po-item_package_weight\">\n<td class=\"a-span3\">\n                  <span class=\"a-size-base a-text-bold\">Peso del paquete<\/span>\n                <\/td>\n<td class=\"a-span9\">\n                  <span class=\"a-size-base\">0.22 Kilogramos<\/span>\n                <\/td>\n<\/tr>\n<tr class=\"a-spacing-small po-variety\">\n<td class=\"a-span3\">\n                  <span class=\"a-size-base a-text-bold\">Variedad<\/span>\n                <\/td>\n<td class=\"a-span9\">\n                  <span class=\"a-size-base\">Ajo<\/span>\n                <\/td>\n<\/tr>\n<tr class=\"a-spacing-small po-item_form\">\n<td class=\"a-span3\">\n                  <span class=\"a-size-base a-text-bold\">Formulario de art\u00edculo<\/span>\n                <\/td>\n<td class=\"a-span9\">\n                  <span class=\"a-size-base\">Polvos<\/span>\n                <\/td>\n<\/tr>\n<\/tbody>\n<\/table>\n","protected":false},"excerpt":{"rendered":"<p>Acerca de este art\u00edculo S\u00ed!!! Env\u00edo r\u00e1pido y gratuito (2-3 d\u00edas h\u00e1biles) S\u00ed!!! Producto de primera calidad y siempre fresco!! S\u00ed !!! Satisfacci\u00f3n del cliente 100% garantizada o le devolvemos su dinero. S\u00ed!!! Certificado Kosher y sin gluten. S\u00ed!!! Embalado en EE. UU. Marca Badia Informaci\u00f3n sobre al\u00e9rgenos Sin gluten Peso del paquete 0.22 Kilogramos [&hellip;]<\/p>\n","protected":false},"featured_media":1535,"comment_status":"closed","ping_status":"closed","template":"","meta":[],"product_cat":[73],"product_tag":[],"foods":[65],"ingredients":[113,145],"stores":[35],"class_list":["post-2002","product","type-product","status-publish","has-post-thumbnail","hentry","product_cat-ingredientes-de-comida","foods-hierbas-y-especias","ingredients-ajo","ingredients-ajo-tostado-en-polvo","stores-amazon"],"acf":[],"_links":{"self":[{"href":"https:\/\/ketogallery.com\/es\/wp-json\/wp\/v2\/product\/2002","targetHints":{"allow":["GET"]}}],"collection":[{"href":"https:\/\/ketogallery.com\/es\/wp-json\/wp\/v2\/product"}],"about":[{"href":"https:\/\/ketogallery.com\/es\/wp-json\/wp\/v2\/types\/product"}],"replies":[{"embeddable":true,"href":"https:\/\/ketogallery.com\/es\/wp-json\/wp\/v2\/comments?post=2002"}],"wp:featuredmedia":[{"embeddable":true,"href":"https:\/\/ketogallery.com\/es\/wp-json\/wp\/v2\/media\/1535"}],"wp:attachment":[{"href":"https:\/\/ketogallery.com\/es\/wp-json\/wp\/v2\/media?parent=2002"}],"wp:term":[{"taxonomy":"product_cat","embeddable":true,"href":"https:\/\/ketogallery.com\/es\/wp-json\/wp\/v2\/product_cat?post=2002"},{"taxonomy":"product_tag","embeddable":true,"href":"https:\/\/ketogallery.com\/es\/wp-json\/wp\/v2\/product_tag?post=2002"},{"taxonomy":"foods","embeddable":true,"href":"https:\/\/ketogallery.com\/es\/wp-json\/wp\/v2\/foods?post=2002"},{"taxonomy":"ingredients","embeddable":true,"href":"https:\/\/ketogallery.com\/es\/wp-json\/wp\/v2\/ingredients?post=2002"},{"taxonomy":"stores","embeddable":true,"href":"https:\/\/ketogallery.com\/es\/wp-json\/wp\/v2\/stores?post=2002"}],"curies":[{"name":"wp","href":"https:\/\/api.w.org\/{rel}","templated":true}]}}