{"id":2003,"date":"2022-04-16T01:41:44","date_gmt":"2022-04-16T01:41:44","guid":{"rendered":"https:\/\/ketogallery.com\/product\/anillos-de-cebollino-seco-de-fruidles-2-onzas"},"modified":"2022-04-16T01:41:44","modified_gmt":"2022-04-16T01:41:44","slug":"dried-chives-rings-by-fruidles-2-oz-2","status":"publish","type":"product","link":"https:\/\/ketogallery.com\/es\/producto\/dried-chives-rings-by-fruidles-2-oz-2","title":{"rendered":"Anillos de cebollino seco de Fruidles, 2 onzas"},"content":{"rendered":"<p class=\"a-size-base-plus a-text-bold\">Acerca de este art\u00edculo<\/p>\n<ul class=\"a-unordered-list a-vertical a-spacing-mini\">\n<li><span class=\"a-list-item\">Excita tus papilas gustativas: las cebolletas secas Fruidles mejorar\u00e1n tus platos favoritos; sopa, papa al horno, salsa para pasta, pollo marsala y mucho m\u00e1s. Mejora tu queso crema casero de cebollino y cebolla, reci\u00e9n hecho por ti.<\/span><\/li>\n<li><span class=\"a-list-item\">COSECHADO EN SU PICO: Hecho de cebollino fresco, cuidadosamente cosechado y secado suavemente.<\/span><\/li>\n<li><span class=\"a-list-item\">BOLSA CON CIERRE: Viene en una bolsa con cierre para mantener la frescura en el futuro.<\/span><\/li>\n<li><span class=\"a-list-item\">EN LA RECETA DE LA CASA: Caliente la sart\u00e9n con un chorrito de aceite, agregue los huevos revueltos a la sart\u00e9n caliente, mezcle ligeramente durante 1 minuto, agregue una pizca de semillas de s\u00e9samo tostadas y cebollinos secos Fruidles, cierre la tapa con la tapa, retire la sart\u00e9n del fuego. Disfruta!<\/span><\/li>\n<\/ul>\n<table class=\"a-normal a-spacing-micro\">\n<tbody>\n<tr class=\"a-spacing-small po-brand\">\n<td class=\"a-span3\">\n                  <span class=\"a-size-base a-text-bold\">Marca<\/span>\n                <\/td>\n<td class=\"a-span9\">\n                  <span class=\"a-size-base\">Fruidles<\/span>\n                <\/td>\n<\/tr>\n<tr class=\"a-spacing-small po-item_weight\">\n<td class=\"a-span3\">\n                  <span class=\"a-size-base a-text-bold\">Peso<\/span>\n                <\/td>\n<td class=\"a-span9\">\n                  <span class=\"a-size-base\">2 Onzas<\/span>\n                <\/td>\n<\/tr>\n<tr class=\"a-spacing-small po-item_package_weight\">\n<td class=\"a-span3\">\n                  <span class=\"a-size-base a-text-bold\">Peso del paquete<\/span>\n                <\/td>\n<td class=\"a-span9\">\n                  <span class=\"a-size-base\">0.06 Kilogramos<\/span>\n                <\/td>\n<\/tr>\n<tr class=\"a-spacing-small po-variety\">\n<td class=\"a-span3\">\n                  <span class=\"a-size-base a-text-bold\">Variedad<\/span>\n                <\/td>\n<td class=\"a-span9\">\n                  <span class=\"a-size-base\">Ceboll\u00edn<\/span>\n                <\/td>\n<\/tr>\n<tr class=\"a-spacing-small po-item_form\">\n<td class=\"a-span3\">\n                  <span class=\"a-size-base a-text-bold\">Formulario de art\u00edculo<\/span>\n                <\/td>\n<td class=\"a-span9\">\n                  <span class=\"a-size-base\">Plant_seed<\/span>\n                <\/td>\n<\/tr>\n<\/tbody>\n<\/table>\n","protected":false},"excerpt":{"rendered":"<p>Anillos de cebollino seco, condimento de cebollino de cebolla deshidratado, certificado Kosher, 2 oz (individual) por Fruidles<\/p>\n","protected":false},"featured_media":1538,"comment_status":"closed","ping_status":"closed","template":"","meta":[],"product_cat":[73],"product_tag":[],"foods":[65,57],"ingredients":[146],"stores":[35],"class_list":["post-2003","product","type-product","status-publish","has-post-thumbnail","hentry","product_cat-ingredientes-de-comida","foods-hierbas-y-especias","foods-vegetales","ingredients-cebolletas-secas","stores-amazon"],"acf":[],"_links":{"self":[{"href":"https:\/\/ketogallery.com\/es\/wp-json\/wp\/v2\/product\/2003","targetHints":{"allow":["GET"]}}],"collection":[{"href":"https:\/\/ketogallery.com\/es\/wp-json\/wp\/v2\/product"}],"about":[{"href":"https:\/\/ketogallery.com\/es\/wp-json\/wp\/v2\/types\/product"}],"replies":[{"embeddable":true,"href":"https:\/\/ketogallery.com\/es\/wp-json\/wp\/v2\/comments?post=2003"}],"wp:featuredmedia":[{"embeddable":true,"href":"https:\/\/ketogallery.com\/es\/wp-json\/wp\/v2\/media\/1538"}],"wp:attachment":[{"href":"https:\/\/ketogallery.com\/es\/wp-json\/wp\/v2\/media?parent=2003"}],"wp:term":[{"taxonomy":"product_cat","embeddable":true,"href":"https:\/\/ketogallery.com\/es\/wp-json\/wp\/v2\/product_cat?post=2003"},{"taxonomy":"product_tag","embeddable":true,"href":"https:\/\/ketogallery.com\/es\/wp-json\/wp\/v2\/product_tag?post=2003"},{"taxonomy":"foods","embeddable":true,"href":"https:\/\/ketogallery.com\/es\/wp-json\/wp\/v2\/foods?post=2003"},{"taxonomy":"ingredients","embeddable":true,"href":"https:\/\/ketogallery.com\/es\/wp-json\/wp\/v2\/ingredients?post=2003"},{"taxonomy":"stores","embeddable":true,"href":"https:\/\/ketogallery.com\/es\/wp-json\/wp\/v2\/stores?post=2003"}],"curies":[{"name":"wp","href":"https:\/\/api.w.org\/{rel}","templated":true}]}}