{"id":2007,"date":"2022-04-17T01:51:37","date_gmt":"2022-04-17T01:51:37","guid":{"rendered":"https:\/\/ketogallery.com\/product\/tortilla-de-sopa-keto-de-wonderfit-5-paquetes"},"modified":"2022-04-17T01:51:37","modified_gmt":"2022-04-17T01:51:37","slug":"keto-soup-tortilla-by-wonderfit-5-packets-2","status":"publish","type":"product","link":"https:\/\/ketogallery.com\/es\/producto\/keto-soup-tortilla-by-wonderfit-5-packets-2","title":{"rendered":"Tortilla de sopa Keto de WonderFit (5 paquetes)"},"content":{"rendered":"<p class=\"a-size-base-plus a-text-bold\">Acerca de este art\u00edculo<\/p>\n<ul class=\"a-unordered-list a-vertical a-spacing-mini\">\n<li><span class=\"a-list-item\">DELICIOSA SOPA KETO CON ACEITE MCT: combinada con 5 g de aceite C8 MCT y 3 g de carbohidratos netos para proporcionar la cantidad perfecta de energ\u00eda en una forma f\u00e1cil de digerir que se considera el m\u00e1s cetog\u00e9nico de los aceites de triglic\u00e9ridos de cadena media (MCT). Elija el poder de los MCT para ayudarlo en cualquier viaje de control de peso al mantenerse satisfecho por m\u00e1s tiempo.<\/span><\/li>\n<li><span class=\"a-list-item\">SALUD DIGESTIVA: Formulado con BC30 Probi\u00f3tico para proporcionar beneficios nutricionales adicionales para ayudar, mejorar y restaurar la salud intestinal. Apoya la salud digestiva y la utilizaci\u00f3n de prote\u00ednas.<\/span><\/li>\n<li><span class=\"a-list-item\">APOYO INMUNE: Formulado con un ingrediente funcional y cient\u00edficamente respaldado, Wellmune. Incluido para el apoyo inmunol\u00f3gico y el mantenimiento de niveles saludables de energ\u00eda durante todo el d\u00eda.<\/span><\/li>\n<li><span class=\"a-list-item\">R\u00c1PIDO Y F\u00c1CIL: \u00a1Nuestra sopa de ceto est\u00e1 llena de sabor y beneficios para la salud! Perfecta para un almuerzo ligero o como parte de una cena saludable, esta sopa cetog\u00e9nica brinda 26 vitaminas y minerales y solo 100 calor\u00edas en cada porci\u00f3n. \u00a1Haga que la dieta keto sea m\u00e1s f\u00e1cil con nuestros convenientes paquetes de una sola porci\u00f3n que satisfacen y est\u00e1n listos para comer en minutos! La actualizaci\u00f3n perfecta para su rutina de bienestar.<\/span><\/li>\n<li><span class=\"a-list-item\">MARCA DE CONFIANZA: WonderFit fue creado para el bienestar de todo el cuerpo. Con ingredientes limpios y naturales, WonderFit trabaja para suministrar productos que ayuden a la salud de todo el cuerpo. Nuestra sopa keto satisfar\u00e1 tanto las papilas gustativas como el apetito, mientras tiene un sabor, endulzado y color natural. SIN Sucralosa u otros edulcorantes artificiales. Estos paquetes de sopa tambi\u00e9n tienen 0 g de grasas trans, no contienen nueces y contienen 0 g de az\u00facar.<\/span><\/li>\n<\/ul>\n<table class=\"a-normal a-spacing-micro\">\n<tbody>\n<tr class=\"a-spacing-small po-brand\">\n<td class=\"a-span3\">\n                  <span class=\"a-size-base a-text-bold\">Marca<\/span>\n                <\/td>\n<td class=\"a-span9\">\n                  <span class=\"a-size-base\">WONDER FIT<\/span>\n                <\/td>\n<\/tr>\n<tr class=\"a-spacing-small po-item_form\">\n<td class=\"a-span3\">\n                  <span class=\"a-size-base a-text-bold\">Formulario de art\u00edculo<\/span>\n                <\/td>\n<td class=\"a-span9\">\n                  <span class=\"a-size-base\">Aceite<\/span>\n                <\/td>\n<\/tr>\n<tr class=\"a-spacing-small po-material_feature\">\n<td class=\"a-span3\">\n                  <span class=\"a-size-base a-text-bold\">Caracter\u00edstica de los materiales<\/span>\n                <\/td>\n<td class=\"a-span9\">\n                  <span class=\"a-size-base\">Sin frutos secos<\/span>\n                <\/td>\n<\/tr>\n<tr class=\"a-spacing-small po-item_weight\">\n<td class=\"a-span3\">\n                  <span class=\"a-size-base a-text-bold\">Peso del art\u00edculo<\/span>\n                <\/td>\n<td class=\"a-span9\">\n                  <span class=\"a-size-base\">3 Gramos<\/span>\n                <\/td>\n<\/tr>\n<tr class=\"a-spacing-small po-unit_count\">\n<td class=\"a-span3\">\n                  <span class=\"a-size-base a-text-bold\">Unidad<\/span>\n                <\/td>\n<td class=\"a-span9\">\n                  <span class=\"a-size-base\">5.00 Cuenta<\/span>\n                <\/td>\n<\/tr>\n<tr class=\"a-spacing-small po-item_dimensions\">\n<td class=\"a-span3\">\n                  <span class=\"a-size-base a-text-bold\">Dimensiones del art\u00edculo LxWxH<\/span>\n                <\/td>\n<td class=\"a-span9\">\n                  <span class=\"a-size-base\">5 x 5 x 3 pulgadas<\/span>\n                <\/td>\n<\/tr>\n<\/tbody>\n<\/table>\n","protected":false},"excerpt":{"rendered":"<p>WonderFit Keto Soup + C8 MCT Oil, Tortilla, 3 g de carbohidratos netos, 100 calor\u00edas, probi\u00f3tico y apoyo inmunol\u00f3gico (5 ct)<\/p>\n","protected":false},"featured_media":1763,"comment_status":"closed","ping_status":"closed","template":"","meta":[],"product_cat":[54],"product_tag":[],"foods":[],"ingredients":[],"stores":[35],"class_list":["post-2007","product","type-product","status-publish","has-post-thumbnail","hentry","product_cat-productos-comidas","stores-amazon"],"acf":[],"_links":{"self":[{"href":"https:\/\/ketogallery.com\/es\/wp-json\/wp\/v2\/product\/2007","targetHints":{"allow":["GET"]}}],"collection":[{"href":"https:\/\/ketogallery.com\/es\/wp-json\/wp\/v2\/product"}],"about":[{"href":"https:\/\/ketogallery.com\/es\/wp-json\/wp\/v2\/types\/product"}],"replies":[{"embeddable":true,"href":"https:\/\/ketogallery.com\/es\/wp-json\/wp\/v2\/comments?post=2007"}],"wp:featuredmedia":[{"embeddable":true,"href":"https:\/\/ketogallery.com\/es\/wp-json\/wp\/v2\/media\/1763"}],"wp:attachment":[{"href":"https:\/\/ketogallery.com\/es\/wp-json\/wp\/v2\/media?parent=2007"}],"wp:term":[{"taxonomy":"product_cat","embeddable":true,"href":"https:\/\/ketogallery.com\/es\/wp-json\/wp\/v2\/product_cat?post=2007"},{"taxonomy":"product_tag","embeddable":true,"href":"https:\/\/ketogallery.com\/es\/wp-json\/wp\/v2\/product_tag?post=2007"},{"taxonomy":"foods","embeddable":true,"href":"https:\/\/ketogallery.com\/es\/wp-json\/wp\/v2\/foods?post=2007"},{"taxonomy":"ingredients","embeddable":true,"href":"https:\/\/ketogallery.com\/es\/wp-json\/wp\/v2\/ingredients?post=2007"},{"taxonomy":"stores","embeddable":true,"href":"https:\/\/ketogallery.com\/es\/wp-json\/wp\/v2\/stores?post=2007"}],"curies":[{"name":"wp","href":"https:\/\/api.w.org\/{rel}","templated":true}]}}