{"id":2008,"date":"2022-04-17T02:01:18","date_gmt":"2022-04-17T02:01:18","guid":{"rendered":"https:\/\/ketogallery.com\/product\/sopa-de-brocoli-y-queso-cheddar-con-caldo-de-hueso-de-kettle-fire-16-9-oz"},"modified":"2022-04-17T02:01:18","modified_gmt":"2022-04-17T02:01:18","slug":"broccoli-cheddar-soup-with-bone-broth-by-kettle-fire-16-9oz-2","status":"publish","type":"product","link":"https:\/\/ketogallery.com\/es\/producto\/broccoli-cheddar-soup-with-bone-broth-by-kettle-fire-16-9oz-2","title":{"rendered":"Sopa de br\u00f3coli y queso cheddar con caldo de hueso de Kettle &amp; Fire, 16.9 oz"},"content":{"rendered":"<p class=\"a-size-base-plus a-text-bold\">Acerca de este art\u00edculo<\/p>\n<ul class=\"a-unordered-list a-vertical a-spacing-mini\">\n<li><span class=\"a-list-item\">INGREDIENTES DE ALTA CALIDAD AMIGABLES CON KETO: Nuestro caldo de hueso de pollo cocido a fuego lento y rico en col\u00e1geno se usa como base de sopa, combinado con grasa de crema y mantequilla salada, adem\u00e1s de vegetales org\u00e1nicos y queso cheddar, lo ayudan a golpear sus macros con una sonrisa en tu cara. Menos de 3 carbohidratos netos por porci\u00f3n. Nunca antibi\u00f3ticos ni hormonas. Sin gluten, sin OGM, apto para ceto. 1 caja por paquete, 2 porciones por caja<\/span><\/li>\n<li><span class=\"a-list-item\">PR\u00c1CTICA COMIDA LISTA PARA COMER: hace que Keto sea m\u00e1s f\u00e1cil: no hay nada que cocinar, no hay trabajo de preparaci\u00f3n que hacer, esta sopa se puede calentar y comer 5 minutos despu\u00e9s de que llegue a su puerta. La actualizaci\u00f3n perfecta para su rutina de bienestar para estilos de vida ocupados. Puede ayudar a reducir los antojos o la indulgencia de refrigerios poco saludables. Lleve un cart\u00f3n de sopa de ceto al trabajo para el almuerzo para que pueda mantenerse saludable mientras est\u00e1 fuera de la casa y no desviarse de su dieta.<\/span><\/li>\n<li><span class=\"a-list-item\">SABE INCRE\u00cdBLE: esta sopa cetog\u00e9nica comienza con el sabor del queso cheddar afilado perfectamente envejecido, se espolvorea con trozos de br\u00f3coli org\u00e1nico y termina con una porci\u00f3n completa de nuestro caldo de hueso de pollo para mejorar el col\u00e1geno de este plato cl\u00e1sico. \u00a1Incluso tus amigos de la dieta no cetog\u00e9nica te pedir\u00e1n una cucharada! \u00bfQuieres llevarlo al siguiente nivel? Para una mega-comida m\u00e1s sustanciosa: agregue pollo o queso extra derretido<\/span><\/li>\n<li><span class=\"a-list-item\">ECOL\u00d3GICO: Nuestro embalaje es FSC &#8211; Embalaje Certificado y Reciclable, elaborado a partir de materias primas naturales y renovables. Vida \u00fatil de 2 a\u00f1os en la despensa. No perecedera, sin abrir. Refrigere durante 5-7 d\u00edas despu\u00e9s de abrir.<\/span><\/li>\n<\/ul>\n<div id=\"productOverview_feature_div\" class=\"celwidget\" data-feature-name=\"productOverview\" data-csa-c-id=\"s0dab5-fr0vub-biwd90-xgkxm5\" data-cel-widget=\"productOverview_feature_div\">\n<div class=\"a-section a-spacing-small a-spacing-top-small\">\n<table class=\"a-normal a-spacing-micro\">\n<tbody>\n<tr class=\"a-spacing-small po-flavor\">\n<td class=\"a-span3\">\n                      <span class=\"a-size-base a-text-bold\">Sabor<\/span>\n                    <\/td>\n<td class=\"a-span9\">\n                      <span class=\"a-size-base\">Cheddar<\/span>\n                    <\/td>\n<\/tr>\n<tr class=\"a-spacing-small po-item_weight\">\n<td class=\"a-span3\">\n                      <span class=\"a-size-base a-text-bold\">Peso<\/span>\n                    <\/td>\n<td class=\"a-span9\">\n                      <span class=\"a-size-base\">1.06 Libras<\/span>\n                    <\/td>\n<\/tr>\n<tr class=\"a-spacing-small po-brand\">\n<td class=\"a-span3\">\n                      <span class=\"a-size-base a-text-bold\">Marca<\/span>\n                    <\/td>\n<td class=\"a-span9\">\n                      <span class=\"a-size-base\">Kettle &amp; Fire<\/span>\n                    <\/td>\n<\/tr>\n<tr class=\"a-spacing-small po-container.type\">\n<td class=\"a-span3\">\n                      <span class=\"a-size-base a-text-bold\">Informaci\u00f3n del paquete<\/span>\n                    <\/td>\n<td class=\"a-span9\">\n                      <span class=\"a-size-base\">Caja de cart\u00f3n<\/span>\n                    <\/td>\n<\/tr>\n<tr class=\"a-spacing-small po-allergen_information\">\n<td class=\"a-span3\">\n                      <span class=\"a-size-base a-text-bold\">Informaci\u00f3n sobre al\u00e9rgenos<\/span>\n                    <\/td>\n<td class=\"a-span9\">\n                      <span class=\"a-size-base\">Sin gluten<\/span>\n                    <\/td>\n<\/tr>\n<\/tbody>\n<\/table><\/div>\n<\/p><\/div>\n<div id=\"nutritionalInfoAndIngredientsBelowPO_feature_div\" class=\"celwidget\" data-feature-name=\"nutritionalInfoAndIngredientsBelowPO\" data-csa-c-id=\"30rcqw-ogamcq-si5oq0-513vq3\" data-cel-widget=\"nutritionalInfoAndIngredientsBelowPO_feature_div\">\n<div class=\"celwidget c-f\" data-csa-c-content-id=\"DsUnknown\" data-csa-c-slot-id=\"DsUnknown-8\" data-csa-c-type=\"widget\" data-csa-c-painter=\"cse-nic-card-cards\" data-csa-c-id=\"35m6qp-mmvb9b-5hdawd-jgvnd6\" data-cel-widget=\"cse-nic-card_DetailPage_7\">\n<div id=\"CardInstancervMWKk2IAHti_ZsQiD6rxA\" data-card-metrics-id=\"cse-nic-card_DetailPage_7\" data-mix-claimed=\"true\"><\/div>\n<\/p><\/div>\n<\/p><\/div>\n<div id=\"featurebullets_feature_div\" class=\"celwidget\" data-feature-name=\"featurebullets\" data-csa-c-id=\"op15m1-cmgp5o-exxnk5-jvsrsv\" data-cel-widget=\"featurebullets_feature_div\">\n<div id=\"feature-bullets\" class=\"a-section a-spacing-medium a-spacing-top-small\"><\/div>\n<\/p><\/div>\n","protected":false},"excerpt":{"rendered":"<p>Acerca de este art\u00edculo INGREDIENTES DE ALTA CALIDAD AMIGABLES CON KETO: Nuestro caldo de hueso de pollo cocido a fuego lento y rico en col\u00e1geno se usa como base de sopa, combinado con grasa de crema y mantequilla salada, adem\u00e1s de vegetales org\u00e1nicos y queso cheddar, lo ayudan a golpear sus macros con una sonrisa [&hellip;]<\/p>\n","protected":false},"featured_media":1772,"comment_status":"closed","ping_status":"closed","template":"","meta":[],"product_cat":[54],"product_tag":[],"foods":[],"ingredients":[],"stores":[35],"class_list":["post-2008","product","type-product","status-publish","has-post-thumbnail","hentry","product_cat-productos-comidas","stores-amazon"],"acf":[],"_links":{"self":[{"href":"https:\/\/ketogallery.com\/es\/wp-json\/wp\/v2\/product\/2008","targetHints":{"allow":["GET"]}}],"collection":[{"href":"https:\/\/ketogallery.com\/es\/wp-json\/wp\/v2\/product"}],"about":[{"href":"https:\/\/ketogallery.com\/es\/wp-json\/wp\/v2\/types\/product"}],"replies":[{"embeddable":true,"href":"https:\/\/ketogallery.com\/es\/wp-json\/wp\/v2\/comments?post=2008"}],"wp:featuredmedia":[{"embeddable":true,"href":"https:\/\/ketogallery.com\/es\/wp-json\/wp\/v2\/media\/1772"}],"wp:attachment":[{"href":"https:\/\/ketogallery.com\/es\/wp-json\/wp\/v2\/media?parent=2008"}],"wp:term":[{"taxonomy":"product_cat","embeddable":true,"href":"https:\/\/ketogallery.com\/es\/wp-json\/wp\/v2\/product_cat?post=2008"},{"taxonomy":"product_tag","embeddable":true,"href":"https:\/\/ketogallery.com\/es\/wp-json\/wp\/v2\/product_tag?post=2008"},{"taxonomy":"foods","embeddable":true,"href":"https:\/\/ketogallery.com\/es\/wp-json\/wp\/v2\/foods?post=2008"},{"taxonomy":"ingredients","embeddable":true,"href":"https:\/\/ketogallery.com\/es\/wp-json\/wp\/v2\/ingredients?post=2008"},{"taxonomy":"stores","embeddable":true,"href":"https:\/\/ketogallery.com\/es\/wp-json\/wp\/v2\/stores?post=2008"}],"curies":[{"name":"wp","href":"https:\/\/api.w.org\/{rel}","templated":true}]}}