{"id":2009,"date":"2022-04-17T02:06:16","date_gmt":"2022-04-17T02:06:16","guid":{"rendered":"https:\/\/ketogallery.com\/product\/sopa-picante-de-coliflor-de-kettle-fire-keto-16-9-oz"},"modified":"2022-04-17T02:06:16","modified_gmt":"2022-04-17T02:06:16","slug":"spicy-cauliflower-soup-by-kettle-fire-keto-16-9oz-2","status":"publish","type":"product","link":"https:\/\/ketogallery.com\/es\/producto\/spicy-cauliflower-soup-by-kettle-fire-keto-16-9oz-2","title":{"rendered":"Sopa picante de coliflor de Kettle &amp; Fire Keto, 16.9 oz"},"content":{"rendered":"<p class=\"a-size-base-plus a-text-bold\">Acerca de este art\u00edculo<\/p>\n<ul class=\"a-unordered-list a-vertical a-spacing-mini\">\n<li><span class=\"a-list-item\">INGREDIENTES DE ALTA CALIDAD AMIGABLES CON KETO: Nuestro caldo de hueso de pollo cocido a fuego lento y rico en col\u00e1geno se usa como base de sopa, combinado con grasa de fuentes limpias como crema de coco o crema espesa, adem\u00e1s de vegetales org\u00e1nicos, lo ayudan a golpear sus macros con un sonrisa en tu cara. Menos de 3 carbohidratos netos por porci\u00f3n. Nunca antibi\u00f3ticos ni hormonas. Sin gluten, sin OGM, apto para ceto. 1 caja por paquete, 2 porciones por caja.<\/span><\/li>\n<li><span class=\"a-list-item\">PR\u00c1CTICA COMIDA LISTA PARA COMER: hace que Keto sea m\u00e1s f\u00e1cil: no hay nada que cocinar, no hay trabajo de preparaci\u00f3n que hacer, esta sopa se puede calentar y comer 5 minutos despu\u00e9s de que llegue a su puerta. La actualizaci\u00f3n perfecta para su rutina de bienestar para estilos de vida ocupados. Puede ayudar a reducir los antojos o la indulgencia de refrigerios poco saludables. Lleve un cart\u00f3n de sopa de ceto al trabajo para el almuerzo para que pueda mantenerse saludable mientras est\u00e1 fuera de la casa y no desviarse de su dieta.<\/span><\/li>\n<li><span class=\"a-list-item\">ECOL\u00d3GICO: Nuestro embalaje es FSC &#8211; Embalaje Certificado y Reciclable, elaborado a partir de materias primas naturales y renovables. Vida \u00fatil de 2 a\u00f1os en la despensa. No perecedera, sin abrir. Refrigere durante 5-7 d\u00edas despu\u00e9s de abrir.<\/span><\/li>\n<\/ul>\n<table class=\"a-normal a-spacing-micro\">\n<tbody>\n<tr class=\"a-spacing-small po-flavor\">\n<td class=\"a-span3\">\n                  <span class=\"a-size-base a-text-bold\">Sabor<\/span>\n                <\/td>\n<td class=\"a-span9\">\n                  <span class=\"a-size-base\">Coliflor picante<\/span>\n                <\/td>\n<\/tr>\n<tr class=\"a-spacing-small po-item_weight\">\n<td class=\"a-span3\">\n                  <span class=\"a-size-base a-text-bold\">Peso<\/span>\n                <\/td>\n<td class=\"a-span9\">\n                  <span class=\"a-size-base\">1.06 Libras<\/span>\n                <\/td>\n<\/tr>\n<tr class=\"a-spacing-small po-brand\">\n<td class=\"a-span3\">\n                  <span class=\"a-size-base a-text-bold\">Marca<\/span>\n                <\/td>\n<td class=\"a-span9\">\n                  <span class=\"a-size-base\">Kettle &amp; Fire<\/span>\n                <\/td>\n<\/tr>\n<tr class=\"a-spacing-small po-container.type\">\n<td class=\"a-span3\">\n                  <span class=\"a-size-base a-text-bold\">Informaci\u00f3n del paquete<\/span>\n                <\/td>\n<td class=\"a-span9\">\n                  <span class=\"a-size-base\">Caja de cart\u00f3n<\/span>\n                <\/td>\n<\/tr>\n<tr class=\"a-spacing-small po-allergen_information\">\n<td class=\"a-span3\">\n                  <span class=\"a-size-base a-text-bold\">Informaci\u00f3n sobre al\u00e9rgenos<\/span>\n                <\/td>\n<td class=\"a-span9\">\n                  <span class=\"a-size-base\">Sin gluten<\/span>\n                <\/td>\n<\/tr>\n<\/tbody>\n<\/table>\n","protected":false},"excerpt":{"rendered":"<p>Acerca de este art\u00edculo INGREDIENTES DE ALTA CALIDAD AMIGABLES CON KETO: Nuestro caldo de hueso de pollo cocido a fuego lento y rico en col\u00e1geno se usa como base de sopa, combinado con grasa de fuentes limpias como crema de coco o crema espesa, adem\u00e1s de vegetales org\u00e1nicos, lo ayudan a golpear sus macros con [&hellip;]<\/p>\n","protected":false},"featured_media":1781,"comment_status":"closed","ping_status":"closed","template":"","meta":[],"product_cat":[54],"product_tag":[],"foods":[],"ingredients":[],"stores":[35],"class_list":["post-2009","product","type-product","status-publish","has-post-thumbnail","hentry","product_cat-productos-comidas","stores-amazon"],"acf":[],"_links":{"self":[{"href":"https:\/\/ketogallery.com\/es\/wp-json\/wp\/v2\/product\/2009","targetHints":{"allow":["GET"]}}],"collection":[{"href":"https:\/\/ketogallery.com\/es\/wp-json\/wp\/v2\/product"}],"about":[{"href":"https:\/\/ketogallery.com\/es\/wp-json\/wp\/v2\/types\/product"}],"replies":[{"embeddable":true,"href":"https:\/\/ketogallery.com\/es\/wp-json\/wp\/v2\/comments?post=2009"}],"wp:featuredmedia":[{"embeddable":true,"href":"https:\/\/ketogallery.com\/es\/wp-json\/wp\/v2\/media\/1781"}],"wp:attachment":[{"href":"https:\/\/ketogallery.com\/es\/wp-json\/wp\/v2\/media?parent=2009"}],"wp:term":[{"taxonomy":"product_cat","embeddable":true,"href":"https:\/\/ketogallery.com\/es\/wp-json\/wp\/v2\/product_cat?post=2009"},{"taxonomy":"product_tag","embeddable":true,"href":"https:\/\/ketogallery.com\/es\/wp-json\/wp\/v2\/product_tag?post=2009"},{"taxonomy":"foods","embeddable":true,"href":"https:\/\/ketogallery.com\/es\/wp-json\/wp\/v2\/foods?post=2009"},{"taxonomy":"ingredients","embeddable":true,"href":"https:\/\/ketogallery.com\/es\/wp-json\/wp\/v2\/ingredients?post=2009"},{"taxonomy":"stores","embeddable":true,"href":"https:\/\/ketogallery.com\/es\/wp-json\/wp\/v2\/stores?post=2009"}],"curies":[{"name":"wp","href":"https:\/\/api.w.org\/{rel}","templated":true}]}}