{"id":916,"date":"2022-04-03T05:32:31","date_gmt":"2022-04-03T05:32:31","guid":{"rendered":"https:\/\/ketogallery.com\/product\/califia-farms-leche-de-almendras-sin-azucar"},"modified":"2022-04-23T01:14:14","modified_gmt":"2022-04-23T01:14:14","slug":"califia-farms-almond-milk-unsweetened-es","status":"publish","type":"product","link":"https:\/\/ketogallery.com\/es\/producto\/califia-farms-almond-milk-unsweetened-es","title":{"rendered":"Leche de almendras sin az\u00facar por Califia Farms, 48 oz"},"content":{"rendered":"<ul class=\"a-unordered-list a-vertical a-spacing-mini\">\n<li><span class=\"a-list-item\">DELICIOSAMENTE CREMOSO: la leche de almendras sin az\u00facar de Califia tiene una textura cremosa satisfactoria sin un toque de tiza<\/span><\/li>\n<li><span class=\"a-list-item\">Suave, no amarga: esta leche vegetal tiene una suavidad de gran sabor similar a la leche de vaca que es muy baja en la escala de amargura.<\/span><\/li>\n<li><span class=\"a-list-item\">DECADENCIA DE BAJA CALOR\u00cdA: Con un sabor tan suave y cremoso, no creer\u00e1s que solo hay 30 calor\u00edas por porci\u00f3n<\/span><\/li>\n<li><span class=\"a-list-item\">50 % M\u00c1S DE CALCIO QUE LA LECHE: gracias a la adici\u00f3n de calcio, no tienes que sacrificar la nutrici\u00f3n para ir a base de plantas.<\/span><\/li>\n<li><span class=\"a-list-item\">UNSWEETENED, NOT UNAPPEALING: Made from the best ingredients, no sugar is needed to make Unsweetened Almondmilk taste good<\/span><\/li>\n<li><span class=\"a-list-item\">KETO-FRIENDLY: naturalmente bajo en carbohidratos, la leche de almendras sin az\u00facar no te sacar\u00e1 de la cetosis Keto on, amigos.<\/span><\/li>\n<li><span class=\"a-list-item\">UN ASUNTO DE FAMILIA: Las almendras de Califia Farms provienen casi en su totalidad de una granja familiar de tercera generaci\u00f3n en el centro de California<\/span><\/li>\n<\/ul>\n","protected":false},"excerpt":{"rendered":"<p>Califia Farms &#8211; Leche de almendras, sin az\u00facar, 48 oz | Sin L\u00e1cteos | Sin Soja | Entero30 | Ceto | vegano | Basado en plantas | Leche de Nuez | Sin OMG | 35 calor\u00edas | Alto calcio<\/p>\n","protected":false},"featured_media":894,"comment_status":"closed","ping_status":"closed","template":"","meta":[],"product_cat":[53],"product_tag":[],"foods":[79],"ingredients":[60,152],"stores":[35],"class_list":["post-916","product","type-product","status-publish","has-post-thumbnail","hentry","product_cat-bebidas","foods-vegano","ingredients-leche","ingredients-leche-de-almendras","stores-amazon"],"acf":[],"_links":{"self":[{"href":"https:\/\/ketogallery.com\/es\/wp-json\/wp\/v2\/product\/916","targetHints":{"allow":["GET"]}}],"collection":[{"href":"https:\/\/ketogallery.com\/es\/wp-json\/wp\/v2\/product"}],"about":[{"href":"https:\/\/ketogallery.com\/es\/wp-json\/wp\/v2\/types\/product"}],"replies":[{"embeddable":true,"href":"https:\/\/ketogallery.com\/es\/wp-json\/wp\/v2\/comments?post=916"}],"wp:featuredmedia":[{"embeddable":true,"href":"https:\/\/ketogallery.com\/es\/wp-json\/wp\/v2\/media\/894"}],"wp:attachment":[{"href":"https:\/\/ketogallery.com\/es\/wp-json\/wp\/v2\/media?parent=916"}],"wp:term":[{"taxonomy":"product_cat","embeddable":true,"href":"https:\/\/ketogallery.com\/es\/wp-json\/wp\/v2\/product_cat?post=916"},{"taxonomy":"product_tag","embeddable":true,"href":"https:\/\/ketogallery.com\/es\/wp-json\/wp\/v2\/product_tag?post=916"},{"taxonomy":"foods","embeddable":true,"href":"https:\/\/ketogallery.com\/es\/wp-json\/wp\/v2\/foods?post=916"},{"taxonomy":"ingredients","embeddable":true,"href":"https:\/\/ketogallery.com\/es\/wp-json\/wp\/v2\/ingredients?post=916"},{"taxonomy":"stores","embeddable":true,"href":"https:\/\/ketogallery.com\/es\/wp-json\/wp\/v2\/stores?post=916"}],"curies":[{"name":"wp","href":"https:\/\/api.w.org\/{rel}","templated":true}]}}