{"id":917,"date":"2022-04-03T02:50:25","date_gmt":"2022-04-03T02:50:25","guid":{"rendered":"https:\/\/ketogallery.com\/product\/nutrail-cereal-de-desayuno-saludable-con-granola-de-nuez-de-fresa-y-vainilla-cetogenica"},"modified":"2022-04-23T01:12:06","modified_gmt":"2022-04-23T01:12:06","slug":"nutrail-keto-vanilla-strawberry-nut-granola-healthy-breakfast-cereal-es","status":"publish","type":"product","link":"https:\/\/ketogallery.com\/es\/producto\/nutrail-keto-vanilla-strawberry-nut-granola-healthy-breakfast-cereal-es","title":{"rendered":"NuTrail\u2122 &#8211; Cereal de desayuno saludable con granola de nuez de fresa y vainilla cetog\u00e9nica"},"content":{"rendered":"<ul class=\"a-unordered-list a-vertical a-spacing-mini\">\n<li><span class=\"a-list-item\">DELICIOSO DESAYUNO SALUDABLE: Comida Keto Friendly Low Carb &#8211; solo 3 g de carbohidratos netos<\/span><\/li>\n<li><span class=\"a-list-item\">EASY TO MAKE : Recommend to eat Cold or Hot with Almond milk or Heavy Cream for perfect low carb cereal keto food or Enjoy as a Keto Snack right out of the bag<\/span><\/li>\n<li><span class=\"a-list-item\">DISFRUTE COMO SU FAVORITO Keto Granola, Keto Cereal, Keto Foods, Keto Snacks, Keto postre para una comida abundante que satisfaga sus antojos<\/span><\/li>\n<li><span class=\"a-list-item\">NOS HAN LLAMADO: Pro Granola, granola baja en carbohidratos, granola sin gluten, refrigerios bajos en carbohidratos, los mejores refrigerios cetog\u00e9nicos, alimentos cetog\u00e9nicos en comestibles, cereales cetog\u00e9nicos y m\u00e1s<\/span><\/li>\n<\/ul>\n","protected":false},"excerpt":{"rendered":"<p>NuTrail\u2122 &#8211; Cereal de desayuno saludable Keto Vanilla Strawberry Nut Granola &#8211; Bocadillos y alimentos bajos en carbohidratos &#8211; 3 g de carbohidratos netos &#8211; Sin gluten, sin granos &#8211; Almendras, nueces, coco y m\u00e1s (11 oz) (1 unidad)<\/p>\n","protected":false},"featured_media":1191,"comment_status":"open","ping_status":"closed","template":"","meta":[],"product_cat":[56],"product_tag":[],"foods":[],"ingredients":[],"stores":[35],"class_list":["post-917","product","type-product","status-publish","has-post-thumbnail","hentry","product_cat-aperitivos","stores-amazon"],"acf":[],"_links":{"self":[{"href":"https:\/\/ketogallery.com\/es\/wp-json\/wp\/v2\/product\/917","targetHints":{"allow":["GET"]}}],"collection":[{"href":"https:\/\/ketogallery.com\/es\/wp-json\/wp\/v2\/product"}],"about":[{"href":"https:\/\/ketogallery.com\/es\/wp-json\/wp\/v2\/types\/product"}],"replies":[{"embeddable":true,"href":"https:\/\/ketogallery.com\/es\/wp-json\/wp\/v2\/comments?post=917"}],"wp:featuredmedia":[{"embeddable":true,"href":"https:\/\/ketogallery.com\/es\/wp-json\/wp\/v2\/media\/1191"}],"wp:attachment":[{"href":"https:\/\/ketogallery.com\/es\/wp-json\/wp\/v2\/media?parent=917"}],"wp:term":[{"taxonomy":"product_cat","embeddable":true,"href":"https:\/\/ketogallery.com\/es\/wp-json\/wp\/v2\/product_cat?post=917"},{"taxonomy":"product_tag","embeddable":true,"href":"https:\/\/ketogallery.com\/es\/wp-json\/wp\/v2\/product_tag?post=917"},{"taxonomy":"foods","embeddable":true,"href":"https:\/\/ketogallery.com\/es\/wp-json\/wp\/v2\/foods?post=917"},{"taxonomy":"ingredients","embeddable":true,"href":"https:\/\/ketogallery.com\/es\/wp-json\/wp\/v2\/ingredients?post=917"},{"taxonomy":"stores","embeddable":true,"href":"https:\/\/ketogallery.com\/es\/wp-json\/wp\/v2\/stores?post=917"}],"curies":[{"name":"wp","href":"https:\/\/api.w.org\/{rel}","templated":true}]}}