{"id":918,"date":"2022-04-03T02:44:39","date_gmt":"2022-04-03T02:44:39","guid":{"rendered":"https:\/\/ketogallery.com\/product\/sweetwell-keto-galletas-de-merengue-de-chocolate-sin-azucar-paquete-de-3"},"modified":"2022-04-23T01:15:04","modified_gmt":"2022-04-23T01:15:04","slug":"sweetwell-keto-sugar-free-chocolate-meringue-cookies-3-pack-es","status":"publish","type":"product","link":"https:\/\/ketogallery.com\/es\/producto\/sweetwell-keto-sugar-free-chocolate-meringue-cookies-3-pack-es","title":{"rendered":"Galletas de merengue de chocolate de Sweetwell (paquete de 3)"},"content":{"rendered":"<ul class=\"a-unordered-list a-vertical a-spacing-mini\">\n<li><span class=\"a-list-item\">EL SNACK KETO PARA LOS AMANTES DEL CHOCOLATE: Tan bajos en carbohidratos como vienen, nuestros merengues de chocolate encajar\u00e1n perfectamente en un perfil de macronutrientes cetog\u00e9nicos. Sabor a chocolate real y decadente con 1 calor\u00eda por pieza y 1 carbohidrato neto por porci\u00f3n, puede satisfacer su antojo de chocolate y permanecer en cetosis.<\/span><\/li>\n<li><span class=\"a-list-item\">CHOCOLATE KETO QUE SE DERRITE EN TU BOCA Ligero como un malvavisco pero crujiente por fuera: conoce tu nueva delicia de chocolate keto favorita hecha 100 % de cacao para un verdadero sabor a chocolate. Disfrute de una opci\u00f3n de refrigerio m\u00e1s saludable con la dulzura suficiente para satisfacer ese antojo de golosos<\/span><\/li>\n<li><span class=\"a-list-item\">KETO-FRIENDLY 100% REAL COCOA: nuestros merengues bajos en carbohidratos encantar\u00e1n tus sentidos con el sabor a chocolate m\u00e1s rico y audaz que hayas probado en un refrigerio apto para dietas. Incluso notar\u00e1s un toque de vainilla para un toque suave y sedoso. Hecho con 100 % cacao de primera calidad, una fuente alimenticia fresca y completa de magnesio y potasio, algunos de los minerales que su cuerpo necesita cuando sigue una dieta cetog\u00e9nica.<\/span><\/li>\n<li><span class=\"a-list-item\">Bajo en carbohidratos sobre la marcha: disfruta de nuestros merengues de chocolate aptos para keto sin culpa. Con ingredientes no transg\u00e9nicos y sin az\u00facar, nuestros deliciosos postres bajos en carbohidratos son la manera de frenar el antojo de dulces y no salirse del seguimiento de su dieta cetog\u00e9nica. Satisfactorio y sorprendentemente delicioso.<\/span><\/li>\n<li><span class=\"a-list-item\">LIGERO Y F\u00c1CIL PARA TU EST\u00d3MAGO Nuestros dulces ceto est\u00e1n hechos con ingredientes limpios, sin az\u00facar y sin conservantes. Puede disfrutar de nuestros bocadillos bajos en carbohidratos sin preocuparse por los picos de az\u00facar en la sangre que podr\u00edan sacarlo de la cetosis o tener malestar estomacal.<\/span><\/li>\n<\/ul>\n","protected":false},"excerpt":{"rendered":"<p>Sweetwell Keto Galletas de merengue de chocolate sin az\u00facar, bajo en carbohidratos, bocadillo endulzado con stevia bajo en calor\u00edas (paquete de 3)<\/p>\n","protected":false},"featured_media":892,"comment_status":"open","ping_status":"closed","template":"","meta":[],"product_cat":[56],"product_tag":[],"foods":[],"ingredients":[],"stores":[35],"class_list":["post-918","product","type-product","status-publish","has-post-thumbnail","hentry","product_cat-aperitivos","stores-amazon"],"acf":[],"_links":{"self":[{"href":"https:\/\/ketogallery.com\/es\/wp-json\/wp\/v2\/product\/918","targetHints":{"allow":["GET"]}}],"collection":[{"href":"https:\/\/ketogallery.com\/es\/wp-json\/wp\/v2\/product"}],"about":[{"href":"https:\/\/ketogallery.com\/es\/wp-json\/wp\/v2\/types\/product"}],"replies":[{"embeddable":true,"href":"https:\/\/ketogallery.com\/es\/wp-json\/wp\/v2\/comments?post=918"}],"wp:featuredmedia":[{"embeddable":true,"href":"https:\/\/ketogallery.com\/es\/wp-json\/wp\/v2\/media\/892"}],"wp:attachment":[{"href":"https:\/\/ketogallery.com\/es\/wp-json\/wp\/v2\/media?parent=918"}],"wp:term":[{"taxonomy":"product_cat","embeddable":true,"href":"https:\/\/ketogallery.com\/es\/wp-json\/wp\/v2\/product_cat?post=918"},{"taxonomy":"product_tag","embeddable":true,"href":"https:\/\/ketogallery.com\/es\/wp-json\/wp\/v2\/product_tag?post=918"},{"taxonomy":"foods","embeddable":true,"href":"https:\/\/ketogallery.com\/es\/wp-json\/wp\/v2\/foods?post=918"},{"taxonomy":"ingredients","embeddable":true,"href":"https:\/\/ketogallery.com\/es\/wp-json\/wp\/v2\/ingredients?post=918"},{"taxonomy":"stores","embeddable":true,"href":"https:\/\/ketogallery.com\/es\/wp-json\/wp\/v2\/stores?post=918"}],"curies":[{"name":"wp","href":"https:\/\/api.w.org\/{rel}","templated":true}]}}