{"id":919,"date":"2022-04-03T02:41:00","date_gmt":"2022-04-03T02:41:00","guid":{"rendered":"https:\/\/ketogallery.com\/product\/granulos-de-eritritol-organico-de-anthony"},"modified":"2022-04-23T01:13:33","modified_gmt":"2022-04-23T01:13:33","slug":"anthonys-organic-erythritol-granules-es","status":"publish","type":"product","link":"https:\/\/ketogallery.com\/es\/producto\/anthonys-organic-erythritol-granules-es","title":{"rendered":"Gr\u00e1nulos de eritritol org\u00e1nico de Anthony"},"content":{"rendered":"<p>Gr\u00e1nulos de eritritol org\u00e1nico de Anthony, 2.5 lb, sin OGM, edulcorante natural, apto para Keto y Paleo, granulado, cero calor\u00edas, cero carbohidratos netos.<\/p>\n<p>Edulcorante natural granular de eritritol org\u00e1nico certificado por USDA, sin gluten y sin azufre, sustituto de az\u00facar sin calor\u00edas, vegano, keto y paleo.<br \/>\n70 por ciento m\u00e1s dulce que el az\u00facar de mesa y casi sin calor\u00edas<br \/>\nReemplaza el az\u00facar, espolvor\u00e9alo sobre las frutas y \u00fasalo en bebidas y productos horneados.<\/p>\n","protected":false},"excerpt":{"rendered":"<p>Gr\u00e1nulos de eritritol org\u00e1nico de Anthony, 2.5 lb, sin OGM, edulcorante natural, apto para Keto y Paleo, granulado, cero calor\u00edas, cero carbohidratos netos.<\/p>\n<p>Edulcorante natural granular de eritritol org\u00e1nico certificado por USDA, sin gluten y sin azufre, sustituto de az\u00facar sin calor\u00edas, vegano, keto y paleo.<br \/>\n70 por ciento m\u00e1s dulce que el az\u00facar de mesa y casi sin calor\u00edas<br \/>\nReemplaza el az\u00facar, espolvor\u00e9alo sobre las frutas y \u00fasalo en bebidas y productos horneados.<\/p>\n","protected":false},"featured_media":891,"comment_status":"open","ping_status":"closed","template":"","meta":[],"product_cat":[73],"product_tag":[],"foods":[],"ingredients":[95],"stores":[35],"class_list":["post-919","product","type-product","status-publish","has-post-thumbnail","hentry","product_cat-ingredientes-de-comida","ingredients-edulcorante","stores-amazon"],"acf":[],"_links":{"self":[{"href":"https:\/\/ketogallery.com\/es\/wp-json\/wp\/v2\/product\/919","targetHints":{"allow":["GET"]}}],"collection":[{"href":"https:\/\/ketogallery.com\/es\/wp-json\/wp\/v2\/product"}],"about":[{"href":"https:\/\/ketogallery.com\/es\/wp-json\/wp\/v2\/types\/product"}],"replies":[{"embeddable":true,"href":"https:\/\/ketogallery.com\/es\/wp-json\/wp\/v2\/comments?post=919"}],"wp:featuredmedia":[{"embeddable":true,"href":"https:\/\/ketogallery.com\/es\/wp-json\/wp\/v2\/media\/891"}],"wp:attachment":[{"href":"https:\/\/ketogallery.com\/es\/wp-json\/wp\/v2\/media?parent=919"}],"wp:term":[{"taxonomy":"product_cat","embeddable":true,"href":"https:\/\/ketogallery.com\/es\/wp-json\/wp\/v2\/product_cat?post=919"},{"taxonomy":"product_tag","embeddable":true,"href":"https:\/\/ketogallery.com\/es\/wp-json\/wp\/v2\/product_tag?post=919"},{"taxonomy":"foods","embeddable":true,"href":"https:\/\/ketogallery.com\/es\/wp-json\/wp\/v2\/foods?post=919"},{"taxonomy":"ingredients","embeddable":true,"href":"https:\/\/ketogallery.com\/es\/wp-json\/wp\/v2\/ingredients?post=919"},{"taxonomy":"stores","embeddable":true,"href":"https:\/\/ketogallery.com\/es\/wp-json\/wp\/v2\/stores?post=919"}],"curies":[{"name":"wp","href":"https:\/\/api.w.org\/{rel}","templated":true}]}}